{"id":875,"date":"2022-08-18T18:07:01","date_gmt":"2022-08-18T18:07:01","guid":{"rendered":"https:\/\/www.piruetka.sk\/new\/?page_id=875"},"modified":"2026-02-12T11:07:54","modified_gmt":"2026-02-12T11:07:54","slug":"6_tyzdnovy_sobotny_skupinovy_kurz_petrzalka","status":"publish","type":"page","link":"https:\/\/www.piruetka.sk\/new\/index.php\/6_tyzdnovy_sobotny_skupinovy_kurz_petrzalka\/","title":{"rendered":"5-t\u00fd\u017ed\u0148ov\u00fd sobotn\u00fd skupinov\u00fd kurz Petr\u017ealka"},"content":{"rendered":"\t\t<div data-elementor-type=\"wp-page\" data-elementor-id=\"875\" class=\"elementor elementor-875\">\n\t\t\t\t\t\t<div class=\"elementor-inner\">\n\t\t\t\t<div class=\"elementor-section-wrap\">\n\t\t\t\t\t\t\t\t\t<section class=\"elementor-section elementor-top-section elementor-element elementor-element-2252663 elementor-section-boxed elementor-section-height-default elementor-section-height-default\" data-id=\"2252663\" data-element_type=\"section\" data-settings=\"{&quot;shape_divider_top&quot;:&quot;opacity-tilt&quot;}\">\n\t\t\t\t\t<div class=\"elementor-shape elementor-shape-top\" data-negative=\"false\">\n\t\t\t<svg xmlns=\"http:\/\/www.w3.org\/2000\/svg\" viewBox=\"0 0 2600 131.1\" preserveAspectRatio=\"none\">\n\t<path class=\"elementor-shape-fill\" d=\"M0 0L2600 0 2600 69.1 0 0z\"\/>\n\t<path class=\"elementor-shape-fill\" style=\"opacity:0.5\" d=\"M0 0L2600 0 2600 69.1 0 69.1z\"\/>\n\t<path class=\"elementor-shape-fill\" style=\"opacity:0.25\" d=\"M2600 0L0 0 0 130.1 2600 69.1z\"\/>\n<\/svg>\t\t<\/div>\n\t\t\t\t\t<div class=\"elementor-container elementor-column-gap-default\">\n\t\t\t\t\t\t\t<div class=\"elementor-row\">\n\t\t\t\t\t<div class=\"elementor-column elementor-col-100 elementor-top-column elementor-element elementor-element-167d709\" data-id=\"167d709\" data-element_type=\"column\">\n\t\t\t<div class=\"elementor-column-wrap elementor-element-populated\">\n\t\t\t\t\t\t\t<div class=\"elementor-widget-wrap\">\n\t\t\t\t\t\t<div class=\"elementor-element elementor-element-e06a9da elementor-widget elementor-widget-spacer\" data-id=\"e06a9da\" data-element_type=\"widget\" data-widget_type=\"spacer.default\">\n\t\t\t\t<div class=\"elementor-widget-container\">\n\t\t\t\t\t<div class=\"elementor-spacer\">\n\t\t\t<div class=\"elementor-spacer-inner\"><\/div>\n\t\t<\/div>\n\t\t\t\t<\/div>\n\t\t\t\t<\/div>\n\t\t\t\t\t\t<\/div>\n\t\t\t\t\t<\/div>\n\t\t<\/div>\n\t\t\t\t\t\t\t\t<\/div>\n\t\t\t\t\t<\/div>\n\t\t<\/section>\n\t\t\t\t<section class=\"elementor-section elementor-top-section elementor-element elementor-element-300d629 elementor-section-boxed elementor-section-height-default elementor-section-height-default\" data-id=\"300d629\" data-element_type=\"section\">\n\t\t\t\t\t\t<div class=\"elementor-container elementor-column-gap-default\">\n\t\t\t\t\t\t\t<div class=\"elementor-row\">\n\t\t\t\t\t<div class=\"elementor-column elementor-col-100 elementor-top-column elementor-element elementor-element-fbdc259\" data-id=\"fbdc259\" data-element_type=\"column\">\n\t\t\t<div class=\"elementor-column-wrap elementor-element-populated\">\n\t\t\t\t\t\t\t<div class=\"elementor-widget-wrap\">\n\t\t\t\t\t\t<div class=\"elementor-element elementor-element-ed796d9 elementor-widget elementor-widget-heading\" data-id=\"ed796d9\" data-element_type=\"widget\" data-widget_type=\"heading.default\">\n\t\t\t\t<div class=\"elementor-widget-container\">\n\t\t\t<h2 class=\"elementor-heading-title elementor-size-default\">6-t\u00fd\u017ed\u0148ov\u00fd skupinov\u00fd  kurz:<\/h2>\t\t<\/div>\n\t\t\t\t<\/div>\n\t\t\t\t\t\t<\/div>\n\t\t\t\t\t<\/div>\n\t\t<\/div>\n\t\t\t\t\t\t\t\t<\/div>\n\t\t\t\t\t<\/div>\n\t\t<\/section>\n\t\t\t\t<section class=\"elementor-section elementor-top-section elementor-element elementor-element-ddedc66 elementor-section-boxed elementor-section-height-default elementor-section-height-default\" data-id=\"ddedc66\" data-element_type=\"section\" data-settings=\"{&quot;background_background&quot;:&quot;classic&quot;}\">\n\t\t\t\t\t\t<div class=\"elementor-container elementor-column-gap-default\">\n\t\t\t\t\t\t\t<div class=\"elementor-row\">\n\t\t\t\t\t<div class=\"elementor-column elementor-col-100 elementor-top-column elementor-element elementor-element-728c51d\" data-id=\"728c51d\" data-element_type=\"column\">\n\t\t\t<div class=\"elementor-column-wrap elementor-element-populated\">\n\t\t\t\t\t\t\t<div class=\"elementor-widget-wrap\">\n\t\t\t\t\t\t<div class=\"elementor-element elementor-element-aab4b40 elementor-widget elementor-widget-text-editor\" data-id=\"aab4b40\" data-element_type=\"widget\" data-widget_type=\"text-editor.default\">\n\t\t\t\t<div class=\"elementor-widget-container\">\n\t\t\t\t\t\t\t\t<div class=\"elementor-text-editor elementor-clearfix\">\n\t\t\t\t<div><b>INFO:\u00a0<\/b><\/div><div><h4><strong>6-t\u00fd\u017ed\u0148ov\u00fd skupinov\u00fd kurz trv\u00e1 od 28.2.2026 do 11.4.2026 (6 x sobota ) okrem 4.4.2026 v \u010dase 11:00-12:00<\/strong><\/h4><p>Skupinov\u00e9 kurzy s\u00fa ur\u010den\u00e9 ako pre deti tak aj pre dospel\u00fdch.<\/p><ul><li>Deti s\u00fa v skupin\u00e1ch max po 10det\u00ed\u00a0 rozdelen\u00e9 pod\u013ea kor\u010duliarskej \u00farovni. M\u00e1vame 2-4 v\u00fdkonnostn\u00e9 skupiny<\/li><li>Dospel\u00fdch m\u00e1me menej preto m\u00e1vame jednu max dve skupiny kde je maxim\u00e1lny po\u010det 10 os\u00f4b na rovnakej alebo podobnej \u00farovni.<\/li><\/ul><p>Miesto kurzu : zimn\u00fd \u0161tadi\u00f3n v Petr\u017ealke na ulici Marie Curie Sklodowskej<\/p><p><strong>Pokyny:<\/strong><br \/>Na kurz treba pr\u00eds\u0165 aspo\u0148 15 min\u00fat pred za\u010dat\u00edm kurzu.<br \/>Jednu hodinu z kurzu z d\u00f4vodu choroby nahr\u00e1dzame, av\u0161ak chorobu je nutn\u00e9 nahl\u00e1si\u0165 minim\u00e1lne 24 hod\u00edn pred za\u010dat\u00edm hodiny. Ak bude hodina nahl\u00e1sen\u00e1 nesk\u00f4r nie je mo\u017en\u00e9 si ju nahradi\u0165<\/p><p>Pri pr\u00edchode na zimn\u00fd \u0161tadi\u00f3n pri vstupe stoj\u00ed kolegy\u0148a s mikinou Piruetka u ktorej sa treba prihl\u00e1si\u0165, a\u00a0ona si V\u00e1m vysvetl\u00ed \u010fal\u0161\u00ed postup. Bez zaevidovania nie je mo\u017en\u00e9 \u00eds\u0165 do \u0161atne.<\/p><p>Na kurz sa treba prihl\u00e1si\u0165\u00a0 cez objedn\u00e1vkov\u00fd formul\u00e1r a zaplati\u0165 cez \u00fa\u010det.<br \/>Po prihl\u00e1sen\u00ed V\u00e1m pr\u00edde e-mail, \u017ee sme V\u00e1s zaregistrovali do syst\u00e9mu spolu so sumou za kurz ktor\u00fa je nutn\u00e9 uhradi\u0165 najnesk\u00f4r 4 dni pred za\u010dat\u00edm kurzu.<\/p><p>Deti alebo dospel\u00ed , ktor\u00ed nemaj\u00fa vlastn\u00e9 kor\u010dule a helmu\u00a0 \u00a0si ich m\u00f4\u017eu zapo\u017ei\u010da\u0165\u00a0 na cel\u00fd kurz u n\u00e1s\u00a0 prostredn\u00edctvom objedn\u00e1vkov\u00e9ho formul\u00e1ra ak s\u00fa e\u0161te dostupn\u00e9<span style=\"text-decoration: underline;\"><strong><span style=\"color: #ffffff; text-decoration: underline;\">.<\/span><\/strong><\/span><span style=\"color: #ff0000;\"><strong><span style=\"text-decoration: underline;\"><span style=\"color: #ffffff; text-decoration: underline;\">Kor\u010dule sa v\u017edy v<\/span><\/span><\/strong><\/span><\/p><p><span style=\"color: #ffffff;\"><b><u>Kor\u010dule sa v\u017edy vracaj\u00fa v\u017edy posledn\u00fd de\u0148 kurzu.<\/u><\/b><\/span><\/p><\/div>\t\t\t\t\t<\/div>\n\t\t\t\t\t\t<\/div>\n\t\t\t\t<\/div>\n\t\t\t\t\t\t<\/div>\n\t\t\t\t\t<\/div>\n\t\t<\/div>\n\t\t\t\t\t\t\t\t<\/div>\n\t\t\t\t\t<\/div>\n\t\t<\/section>\n\t\t\t\t\t\t\t\t\t<\/div>\n\t\t\t<\/div>\n\t\t\t\t\t<\/div>\n\t\t","protected":false},"excerpt":{"rendered":"<p>6-t\u00fd\u017ed\u0148ov\u00fd skupinov\u00fd kurz: INFO:\u00a0 6-t\u00fd\u017ed\u0148ov\u00fd skupinov\u00fd kurz trv\u00e1 od 28.2.2026 do 11.4.2026 (6 x sobota ) okrem 4.4.2026 v \u010dase 11:00-12:00 Skupinov\u00e9 kurzy s\u00fa ur\u010den\u00e9 ako pre deti tak aj pre dospel\u00fdch. Deti s\u00fa v skupin\u00e1ch max po 10det\u00ed\u00a0 rozdelen\u00e9 pod\u013ea kor\u010duliarskej \u00farovni. M\u00e1vame 2-4 v\u00fdkonnostn\u00e9 skupiny Dospel\u00fdch m\u00e1me menej preto m\u00e1vame jednu max dve [&hellip;]<\/p>\n","protected":false},"author":1,"featured_media":0,"parent":0,"menu_order":0,"comment_status":"closed","ping_status":"closed","template":"","meta":{"footnotes":""},"class_list":["post-875","page","type-page","status-publish","hentry"],"_links":{"self":[{"href":"https:\/\/www.piruetka.sk\/new\/index.php\/wp-json\/wp\/v2\/pages\/875","targetHints":{"allow":["GET"]}}],"collection":[{"href":"https:\/\/www.piruetka.sk\/new\/index.php\/wp-json\/wp\/v2\/pages"}],"about":[{"href":"https:\/\/www.piruetka.sk\/new\/index.php\/wp-json\/wp\/v2\/types\/page"}],"author":[{"embeddable":true,"href":"https:\/\/www.piruetka.sk\/new\/index.php\/wp-json\/wp\/v2\/users\/1"}],"replies":[{"embeddable":true,"href":"https:\/\/www.piruetka.sk\/new\/index.php\/wp-json\/wp\/v2\/comments?post=875"}],"version-history":[{"count":76,"href":"https:\/\/www.piruetka.sk\/new\/index.php\/wp-json\/wp\/v2\/pages\/875\/revisions"}],"predecessor-version":[{"id":8954,"href":"https:\/\/www.piruetka.sk\/new\/index.php\/wp-json\/wp\/v2\/pages\/875\/revisions\/8954"}],"wp:attachment":[{"href":"https:\/\/www.piruetka.sk\/new\/index.php\/wp-json\/wp\/v2\/media?parent=875"}],"curies":[{"name":"wp","href":"https:\/\/api.w.org\/{rel}","templated":true}]}}