{"id":851,"date":"2022-08-18T17:57:08","date_gmt":"2022-08-18T17:57:08","guid":{"rendered":"https:\/\/www.piruetka.sk\/new\/?page_id=851"},"modified":"2026-02-14T08:46:21","modified_gmt":"2026-02-14T08:46:21","slug":"6_tyzdnovy_nedelny_individualny_kurz_dubravka","status":"publish","type":"page","link":"https:\/\/www.piruetka.sk\/new\/index.php\/6_tyzdnovy_nedelny_individualny_kurz_dubravka\/","title":{"rendered":"6-t\u00fd\u017ed\u0148ov\u00fd nede\u013en\u00fd individu\u00e1lny  kurz D\u00fabravka"},"content":{"rendered":"\t\t<div data-elementor-type=\"wp-page\" data-elementor-id=\"851\" class=\"elementor elementor-851\">\n\t\t\t\t\t\t<div class=\"elementor-inner\">\n\t\t\t\t<div class=\"elementor-section-wrap\">\n\t\t\t\t\t\t\t\t\t<section class=\"elementor-section elementor-top-section elementor-element elementor-element-9613a76 elementor-section-boxed elementor-section-height-default elementor-section-height-default\" data-id=\"9613a76\" data-element_type=\"section\" data-settings=\"{&quot;shape_divider_top&quot;:&quot;opacity-tilt&quot;}\">\n\t\t\t\t\t<div class=\"elementor-shape elementor-shape-top\" data-negative=\"false\">\n\t\t\t<svg xmlns=\"http:\/\/www.w3.org\/2000\/svg\" viewBox=\"0 0 2600 131.1\" preserveAspectRatio=\"none\">\n\t<path class=\"elementor-shape-fill\" d=\"M0 0L2600 0 2600 69.1 0 0z\"\/>\n\t<path class=\"elementor-shape-fill\" style=\"opacity:0.5\" d=\"M0 0L2600 0 2600 69.1 0 69.1z\"\/>\n\t<path class=\"elementor-shape-fill\" style=\"opacity:0.25\" d=\"M2600 0L0 0 0 130.1 2600 69.1z\"\/>\n<\/svg>\t\t<\/div>\n\t\t\t\t\t<div class=\"elementor-container elementor-column-gap-default\">\n\t\t\t\t\t\t\t<div class=\"elementor-row\">\n\t\t\t\t\t<div class=\"elementor-column elementor-col-100 elementor-top-column elementor-element elementor-element-ab0e96e\" data-id=\"ab0e96e\" data-element_type=\"column\">\n\t\t\t<div class=\"elementor-column-wrap elementor-element-populated\">\n\t\t\t\t\t\t\t<div class=\"elementor-widget-wrap\">\n\t\t\t\t\t\t<div class=\"elementor-element elementor-element-910f255 elementor-widget elementor-widget-spacer\" data-id=\"910f255\" data-element_type=\"widget\" data-widget_type=\"spacer.default\">\n\t\t\t\t<div class=\"elementor-widget-container\">\n\t\t\t\t\t<div class=\"elementor-spacer\">\n\t\t\t<div class=\"elementor-spacer-inner\"><\/div>\n\t\t<\/div>\n\t\t\t\t<\/div>\n\t\t\t\t<\/div>\n\t\t\t\t\t\t<\/div>\n\t\t\t\t\t<\/div>\n\t\t<\/div>\n\t\t\t\t\t\t\t\t<\/div>\n\t\t\t\t\t<\/div>\n\t\t<\/section>\n\t\t\t\t<section class=\"elementor-section elementor-top-section elementor-element elementor-element-fd9511d elementor-section-boxed elementor-section-height-default elementor-section-height-default\" data-id=\"fd9511d\" data-element_type=\"section\">\n\t\t\t\t\t\t<div class=\"elementor-container elementor-column-gap-default\">\n\t\t\t\t\t\t\t<div class=\"elementor-row\">\n\t\t\t\t\t<div class=\"elementor-column elementor-col-100 elementor-top-column elementor-element elementor-element-273744b\" data-id=\"273744b\" data-element_type=\"column\">\n\t\t\t<div class=\"elementor-column-wrap elementor-element-populated\">\n\t\t\t\t\t\t\t<div class=\"elementor-widget-wrap\">\n\t\t\t\t\t\t<div class=\"elementor-element elementor-element-f43e425 elementor-widget elementor-widget-heading\" data-id=\"f43e425\" data-element_type=\"widget\" data-widget_type=\"heading.default\">\n\t\t\t\t<div class=\"elementor-widget-container\">\n\t\t\t<h2 class=\"elementor-heading-title elementor-size-default\">6-t\u00fd\u017ed\u0148ov\u00fd individu\u00e1lny nede\u013en\u00fd kurz <\/h2>\t\t<\/div>\n\t\t\t\t<\/div>\n\t\t\t\t\t\t<\/div>\n\t\t\t\t\t<\/div>\n\t\t<\/div>\n\t\t\t\t\t\t\t\t<\/div>\n\t\t\t\t\t<\/div>\n\t\t<\/section>\n\t\t\t\t<section class=\"elementor-section elementor-top-section elementor-element elementor-element-ae10146 elementor-section-boxed elementor-section-height-default elementor-section-height-default\" data-id=\"ae10146\" data-element_type=\"section\" data-settings=\"{&quot;background_background&quot;:&quot;classic&quot;}\">\n\t\t\t\t\t\t<div class=\"elementor-container elementor-column-gap-default\">\n\t\t\t\t\t\t\t<div class=\"elementor-row\">\n\t\t\t\t\t<div class=\"elementor-column elementor-col-100 elementor-top-column elementor-element elementor-element-6a707eb\" data-id=\"6a707eb\" data-element_type=\"column\">\n\t\t\t<div class=\"elementor-column-wrap elementor-element-populated\">\n\t\t\t\t\t\t\t<div class=\"elementor-widget-wrap\">\n\t\t\t\t\t\t<div class=\"elementor-element elementor-element-f337d66 elementor-widget elementor-widget-text-editor\" data-id=\"f337d66\" data-element_type=\"widget\" data-widget_type=\"text-editor.default\">\n\t\t\t\t<div class=\"elementor-widget-container\">\n\t\t\t\t\t\t\t\t<div class=\"elementor-text-editor elementor-clearfix\">\n\t\t\t\t<h4><span style=\"color: #ffffff;\">6-t\u00fd\u017ed\u0148ov\u00fd individu\u00e1lny kurz\u00a0 trv\u00e1 <strong>od <\/strong><strong>1.3.2026 do 12.4.2025 (6 x NEDE\u013dA) okrem 5.4.2026\u00a0 v \u010dase\u00a0 15:45-16:45<\/strong><\/span><\/h4><p><strong>Miesto kurzu : zimn\u00fd \u0161tadi\u00f3n v D\u00fabravke\u00a0<\/strong><\/p><p>Zimn\u00fd \u0161tadi\u00f3n v D\u00fabravke m\u00e1 pr\u00e1vo na zmenu \u010dasu z d\u00f4vodu konania sa hokejov\u00fdch z\u00e1pasov<br \/>Individu\u00e1lny kurz odpor\u00fa\u010dame zak\u00fapi\u0165 t\u00fdm ktor\u00ed preferuj\u00fa osobitn\u00fd pr\u00edstup tr\u00e9nera, ktor\u00fd zoh\u013ead\u0148uje \u0161pecifick\u00e9 po\u017eiadavky klienta. Tr\u00e9ning je prisp\u00f4soben\u00ed potreb\u00e1m \u0161it\u00edm na mieru na\u0161ich klientov.<br \/>V\u00a0kurze m\u00f4\u017ee by\u0165 jedna a\u017e tri osoby ( deti , dospel\u00ed ,mix, rodina at\u010f&#8230;) <br \/>Do kurzu berieme deti od 3,5 roka<\/p><p>Jednu hodinu z kurzu z d\u00f4vodu choroby nahr\u00e1dzame, av\u0161ak chorobu je nutn\u00e9 nahl\u00e1si\u0165 minim\u00e1lne 24 hod\u00edn pred za\u010dat\u00edm hodiny. Peniaze za kurz ani za n\u00e1hradn\u00fa hodinu nevraciame <br \/>Ak bude hodina nahl\u00e1sen\u00e1 menej ako 24hod\u00edn, nie je mo\u017en\u00e9 si n\u00e1rokova\u0165 n\u00e1hradu<\/p><p>Po prihl\u00e1sen\u00ed V\u00e1m pr\u00edde e-mail, \u017ee sme V\u00e1s zaregistrovali do syst\u00e9mu spolu so sumou ktor\u00fa je nutn\u00e9 uhradi\u0165 najnesk\u00f4r 4 dni po vyplneni registr\u00e1cie<\/p><p><strong>Pokyny :<\/strong><br \/>Na hodinu treba pr\u00eds\u0165 aspo\u0148 15 min\u00fat pred za\u010dat\u00edm.<br \/>Pri pr\u00edchode na zimn\u00fd \u0161tadi\u00f3n pri vstupe stoj\u00ed kolegy\u0148a s mikinou Piruetka u ktorej je potrebn\u00e9 sa nahl\u00e1si, ona si V\u00e1s zap\u00ed\u0161e a\u00a0poskytne V\u00e1m \u010fal\u0161ie inform\u00e1cie. Bez zaevidovania nie je mo\u017en\u00e9 \u00eds\u0165 do \u0161atne.<\/p><p>Deti aj dospel\u00ed musia ma\u0165 vlastn\u00e9 kor\u010dule, helmu(ly\u017eiarsku alebo hokejov\u00fa) a ly\u017eiarske rukavice. V pr\u00edpade potreby vieme zapo\u017ei\u010da\u0165 kor\u010dule, helmu pr\u00edpadne chr\u00e1ni\u010de za poplatok prostredn\u00edctvom objedn\u00e1vkov\u00e9ho formul\u00e1ra.<br \/>My sa deti zadel\u00edme na z\u00e1klade \u00farovne do pr\u00edslu\u0161n\u00fdch skup\u00edn a\u017e na \u013eade.<br \/><strong>V\u00a0skupine je maxim\u00e1lne desa\u0165 det\u00ed u\u00a0jedn\u00e9ho tr\u00e9nera<\/strong><\/p>\t\t\t\t\t<\/div>\n\t\t\t\t\t\t<\/div>\n\t\t\t\t<\/div>\n\t\t\t\t\t\t<\/div>\n\t\t\t\t\t<\/div>\n\t\t<\/div>\n\t\t\t\t\t\t\t\t<\/div>\n\t\t\t\t\t<\/div>\n\t\t<\/section>\n\t\t\t\t\t\t\t\t\t<\/div>\n\t\t\t<\/div>\n\t\t\t\t\t<\/div>\n\t\t","protected":false},"excerpt":{"rendered":"<p>6-t\u00fd\u017ed\u0148ov\u00fd individu\u00e1lny nede\u013en\u00fd kurz 6-t\u00fd\u017ed\u0148ov\u00fd individu\u00e1lny kurz\u00a0 trv\u00e1 od 1.3.2026 do 12.4.2025 (6 x NEDE\u013dA) okrem 5.4.2026\u00a0 v \u010dase\u00a0 15:45-16:45 Miesto kurzu : zimn\u00fd \u0161tadi\u00f3n v D\u00fabravke\u00a0 Zimn\u00fd \u0161tadi\u00f3n v D\u00fabravke m\u00e1 pr\u00e1vo na zmenu \u010dasu z d\u00f4vodu konania sa hokejov\u00fdch z\u00e1pasovIndividu\u00e1lny kurz odpor\u00fa\u010dame zak\u00fapi\u0165 t\u00fdm ktor\u00ed preferuj\u00fa osobitn\u00fd pr\u00edstup tr\u00e9nera, ktor\u00fd zoh\u013ead\u0148uje \u0161pecifick\u00e9 po\u017eiadavky [&hellip;]<\/p>\n","protected":false},"author":1,"featured_media":0,"parent":0,"menu_order":0,"comment_status":"closed","ping_status":"closed","template":"","meta":{"footnotes":""},"class_list":["post-851","page","type-page","status-publish","hentry"],"_links":{"self":[{"href":"https:\/\/www.piruetka.sk\/new\/index.php\/wp-json\/wp\/v2\/pages\/851","targetHints":{"allow":["GET"]}}],"collection":[{"href":"https:\/\/www.piruetka.sk\/new\/index.php\/wp-json\/wp\/v2\/pages"}],"about":[{"href":"https:\/\/www.piruetka.sk\/new\/index.php\/wp-json\/wp\/v2\/types\/page"}],"author":[{"embeddable":true,"href":"https:\/\/www.piruetka.sk\/new\/index.php\/wp-json\/wp\/v2\/users\/1"}],"replies":[{"embeddable":true,"href":"https:\/\/www.piruetka.sk\/new\/index.php\/wp-json\/wp\/v2\/comments?post=851"}],"version-history":[{"count":60,"href":"https:\/\/www.piruetka.sk\/new\/index.php\/wp-json\/wp\/v2\/pages\/851\/revisions"}],"predecessor-version":[{"id":8985,"href":"https:\/\/www.piruetka.sk\/new\/index.php\/wp-json\/wp\/v2\/pages\/851\/revisions\/8985"}],"wp:attachment":[{"href":"https:\/\/www.piruetka.sk\/new\/index.php\/wp-json\/wp\/v2\/media?parent=851"}],"curies":[{"name":"wp","href":"https:\/\/api.w.org\/{rel}","templated":true}]}}