{"id":5590,"date":"2023-09-01T18:43:44","date_gmt":"2023-09-01T18:43:44","guid":{"rendered":"https:\/\/www.piruetka.sk\/new\/?page_id=5590"},"modified":"2026-02-14T08:53:01","modified_gmt":"2026-02-14T08:53:01","slug":"6-tyzdnovy-nedelny-hokejovy-kurz-pre-dospelych-dubravka","status":"publish","type":"page","link":"https:\/\/www.piruetka.sk\/new\/index.php\/6-tyzdnovy-nedelny-hokejovy-kurz-pre-dospelych-dubravka\/","title":{"rendered":"6-t\u00fd\u017ed\u0148ov\u00fd nede\u013en\u00fd hokejov\u00fd kurz\u00a0 pre dospel\u00fdch D\u00fabravka"},"content":{"rendered":"\t\t<div data-elementor-type=\"wp-page\" data-elementor-id=\"5590\" class=\"elementor elementor-5590\">\n\t\t\t\t\t\t<div class=\"elementor-inner\">\n\t\t\t\t<div class=\"elementor-section-wrap\">\n\t\t\t\t\t\t\t\t\t<section class=\"elementor-section elementor-top-section elementor-element elementor-element-de957a8 elementor-section-boxed elementor-section-height-default elementor-section-height-default\" data-id=\"de957a8\" data-element_type=\"section\" data-settings=\"{&quot;shape_divider_top&quot;:&quot;opacity-tilt&quot;}\">\n\t\t\t\t\t<div class=\"elementor-shape elementor-shape-top\" data-negative=\"false\">\n\t\t\t<svg xmlns=\"http:\/\/www.w3.org\/2000\/svg\" viewBox=\"0 0 2600 131.1\" preserveAspectRatio=\"none\">\n\t<path class=\"elementor-shape-fill\" d=\"M0 0L2600 0 2600 69.1 0 0z\"\/>\n\t<path class=\"elementor-shape-fill\" style=\"opacity:0.5\" d=\"M0 0L2600 0 2600 69.1 0 69.1z\"\/>\n\t<path class=\"elementor-shape-fill\" style=\"opacity:0.25\" d=\"M2600 0L0 0 0 130.1 2600 69.1z\"\/>\n<\/svg>\t\t<\/div>\n\t\t\t\t\t<div class=\"elementor-container elementor-column-gap-default\">\n\t\t\t\t\t\t\t<div class=\"elementor-row\">\n\t\t\t\t\t<div class=\"elementor-column elementor-col-100 elementor-top-column elementor-element elementor-element-8466b3e\" data-id=\"8466b3e\" data-element_type=\"column\">\n\t\t\t<div class=\"elementor-column-wrap elementor-element-populated\">\n\t\t\t\t\t\t\t<div class=\"elementor-widget-wrap\">\n\t\t\t\t\t\t<div class=\"elementor-element elementor-element-31dabad elementor-widget elementor-widget-spacer\" data-id=\"31dabad\" data-element_type=\"widget\" data-widget_type=\"spacer.default\">\n\t\t\t\t<div class=\"elementor-widget-container\">\n\t\t\t\t\t<div class=\"elementor-spacer\">\n\t\t\t<div class=\"elementor-spacer-inner\"><\/div>\n\t\t<\/div>\n\t\t\t\t<\/div>\n\t\t\t\t<\/div>\n\t\t\t\t<div class=\"elementor-element elementor-element-44184fe elementor-widget elementor-widget-heading\" data-id=\"44184fe\" data-element_type=\"widget\" data-widget_type=\"heading.default\">\n\t\t\t\t<div class=\"elementor-widget-container\">\n\t\t\t<h2 class=\"elementor-heading-title elementor-size-default\">6-t\u00fd\u017ed\u0148ov\u00fd nede\u013en\u00fd hokejov\u00fd kurz  pre dospel\u00fdch<\/h2>\t\t<\/div>\n\t\t\t\t<\/div>\n\t\t\t\t\t\t<\/div>\n\t\t\t\t\t<\/div>\n\t\t<\/div>\n\t\t\t\t\t\t\t\t<\/div>\n\t\t\t\t\t<\/div>\n\t\t<\/section>\n\t\t\t\t<section class=\"elementor-section elementor-top-section elementor-element elementor-element-035f03e elementor-section-boxed elementor-section-height-default elementor-section-height-default\" data-id=\"035f03e\" data-element_type=\"section\" data-settings=\"{&quot;background_background&quot;:&quot;classic&quot;}\">\n\t\t\t\t\t\t<div class=\"elementor-container elementor-column-gap-default\">\n\t\t\t\t\t\t\t<div class=\"elementor-row\">\n\t\t\t\t\t<div class=\"elementor-column elementor-col-100 elementor-top-column elementor-element elementor-element-599ea5d\" data-id=\"599ea5d\" data-element_type=\"column\" data-settings=\"{&quot;background_background&quot;:&quot;slideshow&quot;,&quot;background_slideshow_gallery&quot;:[],&quot;background_slideshow_loop&quot;:&quot;yes&quot;,&quot;background_slideshow_slide_duration&quot;:5000,&quot;background_slideshow_slide_transition&quot;:&quot;fade&quot;,&quot;background_slideshow_transition_duration&quot;:500}\">\n\t\t\t<div class=\"elementor-column-wrap elementor-element-populated\">\n\t\t\t\t\t\t\t<div class=\"elementor-widget-wrap\">\n\t\t\t\t\t\t<div class=\"elementor-element elementor-element-cf60852 elementor-widget elementor-widget-text-editor\" data-id=\"cf60852\" data-element_type=\"widget\" data-widget_type=\"text-editor.default\">\n\t\t\t\t<div class=\"elementor-widget-container\">\n\t\t\t\t\t\t\t\t<div class=\"elementor-text-editor elementor-clearfix\">\n\t\t\t\t<h3><span style=\"color: #ffffff;\"><strong>6-t\u00fd\u017ed\u0148ov\u00fd hokejov\u00fd\u00a0 skupinov\u00fd \u010dase od <\/strong><strong>1.3.2026 do 11.4.2025 (6 x NEDE\u013dA) okrem 5.4.2026\u00a0 v \u010dase\u00a0 15:45-16:45<\/strong><\/span><\/h3><p><strong><span style=\"color: #000000;\">INFO :<\/span><span style=\"color: #000000;\"><strong>Kurzy s\u00fa ur\u010den\u00e9 pre teenegerov a dospel\u00fdch amat\u00e9rskyc<\/strong>h hokejistov od cca 15 rokov .<\/span><\/strong><\/p><section class=\"elementor-section elementor-top-section elementor-element elementor-element-2eb8c19 elementor-section-boxed elementor-section-height-default elementor-section-height-default\" data-id=\"2eb8c19\" data-element_type=\"section\" data-settings=\"{&quot;background_background&quot;:&quot;classic&quot;}\"><div class=\"elementor-container elementor-column-gap-default\"><div class=\"elementor-row\"><div class=\"elementor-column elementor-col-100 elementor-top-column elementor-element elementor-element-63629a3\" data-id=\"63629a3\" data-element_type=\"column\" data-settings=\"{&quot;background_background&quot;:&quot;slideshow&quot;,&quot;background_slideshow_gallery&quot;:[],&quot;background_slideshow_loop&quot;:&quot;yes&quot;,&quot;background_slideshow_slide_duration&quot;:5000,&quot;background_slideshow_slide_transition&quot;:&quot;fade&quot;,&quot;background_slideshow_transition_duration&quot;:500}\"><div class=\"elementor-column-wrap elementor-element-populated\"><div class=\"elementor-widget-wrap\"><div class=\"elementor-element elementor-element-dea8c32 elementor-widget elementor-widget-text-editor\" data-id=\"dea8c32\" data-element_type=\"widget\" data-widget_type=\"text-editor.default\"><div class=\"elementor-widget-container\"><div class=\"elementor-text-editor elementor-clearfix\"><p><strong><span style=\"color: #000000;\">Sl\u00fa\u017eia na zdokonalenie hokejovej techniky kor\u010du\u013eovaniu, najm\u00e4 :<\/span><\/strong><\/p><ol><li><strong><span style=\"color: #000000;\">hokejov\u00e1 abeceda<\/span><\/strong><\/li><li><strong><span style=\"color: #000000;\">powerskating<\/span><\/strong><\/li><li><strong><span style=\"color: #000000;\">pr\u00e1ca s hokejkou a pukom<\/span><\/strong><\/li><li><strong><span style=\"color: #000000;\">jazda v hran\u00e1ch<\/span><\/strong><\/li><li><strong><span style=\"color: #000000;\">strelba<\/span><\/strong><\/li><li><strong><span style=\"color: #000000;\">hra\u00a0<\/span><\/strong><\/li><\/ol><ul><li><strong><span style=\"color: #000000;\">Hokejisti s\u00fa v skupine rozdelen\u00ed pod\u013ea \u00farovne kor\u010du\u013eovania ak\u00fa dosahuj\u00fa na t\u00fato skupinu je potrebn\u00e1 aspo\u0148 stredn\u00e1 \u00farove\u0148.<\/span><\/strong><\/li><\/ul><section class=\"elementor-section elementor-top-section elementor-element elementor-element-3e1162e elementor-section-boxed elementor-section-height-default elementor-section-height-default\" data-id=\"3e1162e\" data-element_type=\"section\" data-settings=\"{&quot;background_background&quot;:&quot;classic&quot;}\"><div class=\"elementor-container elementor-column-gap-default\"><div class=\"elementor-row\"><div class=\"elementor-column elementor-col-100 elementor-top-column elementor-element elementor-element-6b27d8e\" data-id=\"6b27d8e\" data-element_type=\"column\" data-settings=\"{&quot;background_background&quot;:&quot;slideshow&quot;,&quot;background_slideshow_gallery&quot;:[],&quot;background_slideshow_loop&quot;:&quot;yes&quot;,&quot;background_slideshow_slide_duration&quot;:5000,&quot;background_slideshow_slide_transition&quot;:&quot;fade&quot;,&quot;background_slideshow_transition_duration&quot;:500}\"><div class=\"elementor-background-slideshow swiper-container\" dir=\"rtl\"><div class=\"swiper-wrapper\">\u00a0<\/div><\/div><div class=\"elementor-column-wrap elementor-element-populated\"><div class=\"elementor-widget-wrap\"><div class=\"elementor-element elementor-element-17ebd68 elementor-widget elementor-widget-text-editor\" data-id=\"17ebd68\" data-element_type=\"widget\" data-widget_type=\"text-editor.default\"><div class=\"elementor-widget-container\"><div class=\"elementor-text-editor elementor-clearfix\"><ul><li><span style=\"color: #000000;\"><strong>Miesto kurzu : zimn\u00fd \u0161tadi\u00f3n v Lama\u010di\u00a0\u00a0<\/strong><\/span><\/li><\/ul><p><span style=\"color: #000000;\"><strong>POKYNY:<\/strong><\/span><br \/><span style=\"color: #000000;\"><strong>Na kurz treba pr\u00eds\u0165 aspo\u0148 15 min\u00fat pred za\u010dat\u00edm kurzu.<\/strong><\/span><br \/><span style=\"color: #ff9900;\"><b>V Pr\u00edpade choroby je potrebn\u00e9 n\u00e1js\u0165 si za seba n\u00e1hradn\u00edka.<\/b><\/span><\/p><p><span style=\"color: #000000;\"><strong>Po prihl\u00e1sen\u00ed V\u00e1m pr\u00edde e-mail, \u017ee sme V\u00e1s zaregistrovali do syst\u00e9mu spolu so sumou za kurz ktor\u00fa je nutn\u00e9 uhradi\u0165 najnesk\u00f4r 4 dni po vytvoren\u00ed objedn\u00e1vky.<\/strong><\/span><\/p><p><span style=\"color: #000000;\"><b>Pri vstupe na zimn\u00fd \u0161tadi\u00f3n sa treba zahl\u00e1si\u0165\u00a0ka\u017ed\u00fa hodinu u kolegyni ktor\u00e1 sed\u00ed\/ stoj\u00ed na recepci a m\u00e1 na sebe oble\u010den\u00fa mikinu Piruetka a ona V\u00e1m vysvetl\u00ed \u010fal\u0161\u00ed postup. Bez zaevidovania nie je mo\u017en\u00e9 \u00eds\u0165 do \u0161atne.<\/b><\/span><\/p><\/div><\/div><\/div><\/div><\/div><\/div><\/div><\/div><\/section><\/div><\/div><\/div><\/div><\/div><\/div><\/div><\/div><\/section>\t\t\t\t\t<\/div>\n\t\t\t\t\t\t<\/div>\n\t\t\t\t<\/div>\n\t\t\t\t\t\t<\/div>\n\t\t\t\t\t<\/div>\n\t\t<\/div>\n\t\t\t\t\t\t\t\t<\/div>\n\t\t\t\t\t<\/div>\n\t\t<\/section>\n\t\t\t\t\t\t\t\t\t<\/div>\n\t\t\t<\/div>\n\t\t\t\t\t<\/div>\n\t\t","protected":false},"excerpt":{"rendered":"<p>6-t\u00fd\u017ed\u0148ov\u00fd nede\u013en\u00fd hokejov\u00fd kurz pre dospel\u00fdch 6-t\u00fd\u017ed\u0148ov\u00fd hokejov\u00fd\u00a0 skupinov\u00fd \u010dase od 1.3.2026 do 11.4.2025 (6 x NEDE\u013dA) okrem 5.4.2026\u00a0 v \u010dase\u00a0 15:45-16:45 INFO :Kurzy s\u00fa ur\u010den\u00e9 pre teenegerov a dospel\u00fdch amat\u00e9rskych hokejistov od cca 15 rokov . Sl\u00fa\u017eia na zdokonalenie hokejovej techniky kor\u010du\u013eovaniu, najm\u00e4 : hokejov\u00e1 abeceda powerskating pr\u00e1ca s hokejkou a pukom jazda v [&hellip;]<\/p>\n","protected":false},"author":2,"featured_media":0,"parent":0,"menu_order":0,"comment_status":"closed","ping_status":"closed","template":"","meta":{"footnotes":""},"class_list":["post-5590","page","type-page","status-publish","hentry"],"_links":{"self":[{"href":"https:\/\/www.piruetka.sk\/new\/index.php\/wp-json\/wp\/v2\/pages\/5590","targetHints":{"allow":["GET"]}}],"collection":[{"href":"https:\/\/www.piruetka.sk\/new\/index.php\/wp-json\/wp\/v2\/pages"}],"about":[{"href":"https:\/\/www.piruetka.sk\/new\/index.php\/wp-json\/wp\/v2\/types\/page"}],"author":[{"embeddable":true,"href":"https:\/\/www.piruetka.sk\/new\/index.php\/wp-json\/wp\/v2\/users\/2"}],"replies":[{"embeddable":true,"href":"https:\/\/www.piruetka.sk\/new\/index.php\/wp-json\/wp\/v2\/comments?post=5590"}],"version-history":[{"count":55,"href":"https:\/\/www.piruetka.sk\/new\/index.php\/wp-json\/wp\/v2\/pages\/5590\/revisions"}],"predecessor-version":[{"id":8994,"href":"https:\/\/www.piruetka.sk\/new\/index.php\/wp-json\/wp\/v2\/pages\/5590\/revisions\/8994"}],"wp:attachment":[{"href":"https:\/\/www.piruetka.sk\/new\/index.php\/wp-json\/wp\/v2\/media?parent=5590"}],"curies":[{"name":"wp","href":"https:\/\/api.w.org\/{rel}","templated":true}]}}