{"id":5574,"date":"2023-09-01T18:40:42","date_gmt":"2023-09-01T18:40:42","guid":{"rendered":"https:\/\/www.piruetka.sk\/new\/?page_id=5574"},"modified":"2026-02-14T08:51:53","modified_gmt":"2026-02-14T08:51:53","slug":"6-tyzdnovy-nedelny-individualny-hokejovy-kurz-pre-deti-dubravka","status":"publish","type":"page","link":"https:\/\/www.piruetka.sk\/new\/index.php\/6-tyzdnovy-nedelny-individualny-hokejovy-kurz-pre-deti-dubravka\/","title":{"rendered":"6 t\u00fd\u017ed\u0148ov\u00fd nede\u013en\u00fd individu\u00e1lny hokejov\u00fd kurz pre deti D\u00fabravka"},"content":{"rendered":"\t\t<div data-elementor-type=\"wp-page\" data-elementor-id=\"5574\" class=\"elementor elementor-5574\">\n\t\t\t\t\t\t<div class=\"elementor-inner\">\n\t\t\t\t<div class=\"elementor-section-wrap\">\n\t\t\t\t\t\t\t\t\t<section class=\"elementor-section elementor-top-section elementor-element elementor-element-72fba93 elementor-section-boxed elementor-section-height-default elementor-section-height-default\" data-id=\"72fba93\" data-element_type=\"section\" data-settings=\"{&quot;shape_divider_top&quot;:&quot;opacity-tilt&quot;}\">\n\t\t\t\t\t<div class=\"elementor-shape elementor-shape-top\" data-negative=\"false\">\n\t\t\t<svg xmlns=\"http:\/\/www.w3.org\/2000\/svg\" viewBox=\"0 0 2600 131.1\" preserveAspectRatio=\"none\">\n\t<path class=\"elementor-shape-fill\" d=\"M0 0L2600 0 2600 69.1 0 0z\"\/>\n\t<path class=\"elementor-shape-fill\" style=\"opacity:0.5\" d=\"M0 0L2600 0 2600 69.1 0 69.1z\"\/>\n\t<path class=\"elementor-shape-fill\" style=\"opacity:0.25\" d=\"M2600 0L0 0 0 130.1 2600 69.1z\"\/>\n<\/svg>\t\t<\/div>\n\t\t\t\t\t<div class=\"elementor-container elementor-column-gap-default\">\n\t\t\t\t\t\t\t<div class=\"elementor-row\">\n\t\t\t\t\t<div class=\"elementor-column elementor-col-100 elementor-top-column elementor-element elementor-element-0abbcbd\" data-id=\"0abbcbd\" data-element_type=\"column\">\n\t\t\t<div class=\"elementor-column-wrap elementor-element-populated\">\n\t\t\t\t\t\t\t<div class=\"elementor-widget-wrap\">\n\t\t\t\t\t\t<div class=\"elementor-element elementor-element-7798961 elementor-widget elementor-widget-spacer\" data-id=\"7798961\" data-element_type=\"widget\" data-widget_type=\"spacer.default\">\n\t\t\t\t<div class=\"elementor-widget-container\">\n\t\t\t\t\t<div class=\"elementor-spacer\">\n\t\t\t<div class=\"elementor-spacer-inner\"><\/div>\n\t\t<\/div>\n\t\t\t\t<\/div>\n\t\t\t\t<\/div>\n\t\t\t\t<div class=\"elementor-element elementor-element-cae8b36 elementor-widget elementor-widget-heading\" data-id=\"cae8b36\" data-element_type=\"widget\" data-widget_type=\"heading.default\">\n\t\t\t\t<div class=\"elementor-widget-container\">\n\t\t\t<h2 class=\"elementor-heading-title elementor-size-default\">6-t\u00fd\u017ed\u0148ov\u00fd nede\u013en\u00fd individu\u00e1lny hokejov\u00fd kurz <\/h2>\t\t<\/div>\n\t\t\t\t<\/div>\n\t\t\t\t\t\t<\/div>\n\t\t\t\t\t<\/div>\n\t\t<\/div>\n\t\t\t\t\t\t\t\t<\/div>\n\t\t\t\t\t<\/div>\n\t\t<\/section>\n\t\t\t\t<section class=\"elementor-section elementor-top-section elementor-element elementor-element-ea525cf elementor-section-boxed elementor-section-height-default elementor-section-height-default\" data-id=\"ea525cf\" data-element_type=\"section\" data-settings=\"{&quot;background_background&quot;:&quot;classic&quot;}\">\n\t\t\t\t\t\t<div class=\"elementor-container elementor-column-gap-default\">\n\t\t\t\t\t\t\t<div class=\"elementor-row\">\n\t\t\t\t\t<div class=\"elementor-column elementor-col-100 elementor-top-column elementor-element elementor-element-16ad174\" data-id=\"16ad174\" data-element_type=\"column\" data-settings=\"{&quot;background_background&quot;:&quot;slideshow&quot;,&quot;background_slideshow_gallery&quot;:[],&quot;background_slideshow_loop&quot;:&quot;yes&quot;,&quot;background_slideshow_slide_duration&quot;:5000,&quot;background_slideshow_slide_transition&quot;:&quot;fade&quot;,&quot;background_slideshow_transition_duration&quot;:500}\">\n\t\t\t<div class=\"elementor-column-wrap elementor-element-populated\">\n\t\t\t\t\t\t\t<div class=\"elementor-widget-wrap\">\n\t\t\t\t\t\t<div class=\"elementor-element elementor-element-138a93d elementor-widget elementor-widget-text-editor\" data-id=\"138a93d\" data-element_type=\"widget\" data-widget_type=\"text-editor.default\">\n\t\t\t\t<div class=\"elementor-widget-container\">\n\t\t\t\t\t\t\t\t<div class=\"elementor-text-editor elementor-clearfix\">\n\t\t\t\t<h4><span style=\"color: #ffffff;\">6-t\u00fd\u017ed\u0148ov\u00fd nede\u013en\u00fd\u00a0 individu\u00e1lny hokejov\u00fd kurz trv\u00e1 <strong>1.3.2026 do 12.4.2025 (6 x NEDE\u013dA) okrem 5.4.2026\u00a0 v \u010dase\u00a0 15:45-16:45<\/strong><\/span><\/h4><p><span style=\"color: #000000;\"><strong>INFO:<\/strong><\/span><\/p><p><span style=\"color: #000000;\">Kurzy s\u00fa ur\u010den\u00e9 pre mal\u00fdch hokejistov ktor\u00ed nav\u0161tevuj\u00fa hokejov\u00e9 kluby v r\u00f4znych vekov\u00fdch kateg\u00f3ri\u00e1ch a potrebuj\u00fa sa zdokonali\u0165 \u010di v technike kor\u010du\u013eovania, v stre\u013ebe prihr\u00e1vkach s pr\u00e1cou s pukom a podobne. S\u00fa<\/span><span style=\"color: #000000;\">\u00a0ur\u010den\u00e9 tak isto aj \u00fapln\u00fdm za\u010diato\u010dn\u00edkom ktor\u00ed maj\u00fa zvl\u00e1dnut\u00e9 u\u017e prvky kor\u010du\u013eovania na \u013eade a chceli by sa nau\u010di\u0165 hokejov\u00e9 kor\u010du\u013eovanie pod veden\u00edm hokejov\u00e9ho tr\u00e9nera\u00a0<\/span><\/p><p><span style=\"color: #000000;\">Kurzy s\u00fa ur\u010den\u00e9 aj pre dospel\u00fdch ktor\u00ed maj\u00fa zvl\u00e1dnut\u00e9 prvky kor\u010du\u013eovania a chceli by sa nau\u010di\u0165 respekt\u00edve zdokonali\u0165 v hokejovom kor\u010du\u013eovan\u00ed, \u010di pre parti\u010dk\u00e1rov ktor\u00ed potrebuj\u00fa natr\u00e9nova\u0165 ur\u010dit\u00e9 cvi\u010denia.<\/span><\/p><section class=\"elementor-section elementor-top-section elementor-element elementor-element-3e1162e elementor-section-boxed elementor-section-height-default elementor-section-height-default\" data-id=\"3e1162e\" data-element_type=\"section\" data-settings=\"{&quot;background_background&quot;:&quot;classic&quot;}\"><div class=\"elementor-container elementor-column-gap-default\"><div class=\"elementor-row\"><div class=\"elementor-column elementor-col-100 elementor-top-column elementor-element elementor-element-6b27d8e\" data-id=\"6b27d8e\" data-element_type=\"column\" data-settings=\"{&quot;background_background&quot;:&quot;slideshow&quot;,&quot;background_slideshow_gallery&quot;:[],&quot;background_slideshow_loop&quot;:&quot;yes&quot;,&quot;background_slideshow_slide_duration&quot;:5000,&quot;background_slideshow_slide_transition&quot;:&quot;fade&quot;,&quot;background_slideshow_transition_duration&quot;:500}\"><div class=\"elementor-column-wrap elementor-element-populated\"><div class=\"elementor-widget-wrap\"><div class=\"elementor-element elementor-element-17ebd68 elementor-widget elementor-widget-text-editor\" data-id=\"17ebd68\" data-element_type=\"widget\" data-widget_type=\"text-editor.default\"><div class=\"elementor-widget-container\"><div class=\"elementor-text-editor elementor-clearfix\"><p><span style=\"color: #000000;\"><strong>Miesto kurzu : zimn\u00fd \u0161tadi\u00f3n v D\u00fabravke<\/strong><\/span><\/p><p><span style=\"color: #000000;\"><b>Do individu\u00e1lneho kurzu berieme deti od 3,5 roka<\/b><\/span><\/p><p><span style=\"color: #000000;\"><b>Individu\u00e1lne kurzy s\u00fa ur\u010den\u00e9 pre\u00a0 <\/b><strong>kor\u010du\u013euj\u00facich u jedn\u00e9ho tr\u00e9nera<\/strong><\/span><\/p><p><span style=\"color: #000000;\"><strong>POKYNY:<\/strong><\/span><br \/><span style=\"color: #000000;\"><strong>Na kurz treba pr\u00eds\u0165 aspo\u0148 15 min\u00fat pred za\u010dat\u00edm kurzu.<\/strong><\/span><br \/><span style=\"color: #000000;\"><b>Jednu hodinu z kurzu z d\u00f4vodu choroby nahr\u00e1dzame, av\u0161ak chorobu je nutn\u00e9 nahl\u00e1si\u0165 minim\u00e1lne 24 hod\u00edn pred za\u010dat\u00edm hodiny.<\/b><\/span><span style=\"color: #000000;\"><b>\u00ed.<\/b><\/span><\/p><p><span style=\"color: #000000;\"><strong>Ak bude hodina nahl\u00e1sen\u00e1 nesk\u00f4r nie je mo\u017en\u00e9 si ju nahradi\u0165!<\/strong><\/span><\/p><p><span style=\"color: #000000;\"><strong>Po prihl\u00e1sen\u00ed V\u00e1m pr\u00edde e-mail, \u017ee sme V\u00e1s zaregistrovali do syst\u00e9mu spolu so sumou za kurz ktor\u00fa je nutn\u00e9 uhradi\u0165 najnesk\u00f4r 4 dni po vytvoren\u00ed objedn\u00e1vky.<\/strong><\/span><\/p><p><span style=\"color: #000000;\"><b>Pri vstupe na zimn\u00fd \u0161tadi\u00f3n sa treba zahl\u00e1si\u0165\u00a0ka\u017ed\u00fa hodinu u kolegyni ktor\u00e1 sed\u00ed\/ stoj\u00ed na recepci a m\u00e1 na sebe oble\u010den\u00fa mikinu Piruetka a ona V\u00e1m vysvetl\u00ed \u010fal\u0161\u00ed postup. Bez zaevidovania nie je mo\u017en\u00e9 \u00eds\u0165 do \u0161atne.<\/b><\/span><br \/><span style=\"color: #000000;\"><b style=\"color: #000000;\">Deti alebo dospel\u00ed , ktor\u00ed nemaj\u00fa vlastn\u00e9 kor\u010dule ,helmu, <\/b><span style=\"color: #000000;\"><b>pr\u00edpadne<\/b><\/span><b style=\"color: #000000;\"> chr\u00e1ni\u010de si m\u00f4\u017eu u n\u00e1s zapo\u017ei\u010da\u0165 za poplatok prostredn\u00edctvom objedn\u00e1vkov\u00e9ho formul\u00e1ru<\/b><\/span><\/p><\/div><\/div><\/div><\/div><\/div><\/div><\/div><\/div><\/section>\t\t\t\t\t<\/div>\n\t\t\t\t\t\t<\/div>\n\t\t\t\t<\/div>\n\t\t\t\t\t\t<\/div>\n\t\t\t\t\t<\/div>\n\t\t<\/div>\n\t\t\t\t\t\t\t\t<\/div>\n\t\t\t\t\t<\/div>\n\t\t<\/section>\n\t\t\t\t\t\t\t\t\t<\/div>\n\t\t\t<\/div>\n\t\t\t\t\t<\/div>\n\t\t","protected":false},"excerpt":{"rendered":"<p>6-t\u00fd\u017ed\u0148ov\u00fd nede\u013en\u00fd individu\u00e1lny hokejov\u00fd kurz 6-t\u00fd\u017ed\u0148ov\u00fd nede\u013en\u00fd\u00a0 individu\u00e1lny hokejov\u00fd kurz trv\u00e1 1.3.2026 do 12.4.2025 (6 x NEDE\u013dA) okrem 5.4.2026\u00a0 v \u010dase\u00a0 15:45-16:45 INFO: Kurzy s\u00fa ur\u010den\u00e9 pre mal\u00fdch hokejistov ktor\u00ed nav\u0161tevuj\u00fa hokejov\u00e9 kluby v r\u00f4znych vekov\u00fdch kateg\u00f3ri\u00e1ch a potrebuj\u00fa sa zdokonali\u0165 \u010di v technike kor\u010du\u013eovania, v stre\u013ebe prihr\u00e1vkach s pr\u00e1cou s pukom a podobne. S\u00fa\u00a0ur\u010den\u00e9 [&hellip;]<\/p>\n","protected":false},"author":2,"featured_media":0,"parent":0,"menu_order":0,"comment_status":"closed","ping_status":"closed","template":"","meta":{"footnotes":""},"class_list":["post-5574","page","type-page","status-publish","hentry"],"_links":{"self":[{"href":"https:\/\/www.piruetka.sk\/new\/index.php\/wp-json\/wp\/v2\/pages\/5574","targetHints":{"allow":["GET"]}}],"collection":[{"href":"https:\/\/www.piruetka.sk\/new\/index.php\/wp-json\/wp\/v2\/pages"}],"about":[{"href":"https:\/\/www.piruetka.sk\/new\/index.php\/wp-json\/wp\/v2\/types\/page"}],"author":[{"embeddable":true,"href":"https:\/\/www.piruetka.sk\/new\/index.php\/wp-json\/wp\/v2\/users\/2"}],"replies":[{"embeddable":true,"href":"https:\/\/www.piruetka.sk\/new\/index.php\/wp-json\/wp\/v2\/comments?post=5574"}],"version-history":[{"count":55,"href":"https:\/\/www.piruetka.sk\/new\/index.php\/wp-json\/wp\/v2\/pages\/5574\/revisions"}],"predecessor-version":[{"id":8991,"href":"https:\/\/www.piruetka.sk\/new\/index.php\/wp-json\/wp\/v2\/pages\/5574\/revisions\/8991"}],"wp:attachment":[{"href":"https:\/\/www.piruetka.sk\/new\/index.php\/wp-json\/wp\/v2\/media?parent=5574"}],"curies":[{"name":"wp","href":"https:\/\/api.w.org\/{rel}","templated":true}]}}