{"id":556,"date":"2022-08-17T11:18:37","date_gmt":"2022-08-17T11:18:37","guid":{"rendered":"https:\/\/www.piruetka.sk\/new\/?page_id=556"},"modified":"2026-02-08T14:14:52","modified_gmt":"2026-02-08T14:14:52","slug":"6_tyzdnovy_intenzivny_skupinovy_kurz_ab_pezinok","status":"publish","type":"page","link":"https:\/\/www.piruetka.sk\/new\/index.php\/6_tyzdnovy_intenzivny_skupinovy_kurz_ab_pezinok\/","title":{"rendered":"6-t\u00fd\u017ed\u0148ov\u00fd intenz\u00edvny-skupinov\u00fd kurz AB: Pezinok"},"content":{"rendered":"\t\t<div data-elementor-type=\"wp-page\" data-elementor-id=\"556\" class=\"elementor elementor-556\">\n\t\t\t\t\t\t<div class=\"elementor-inner\">\n\t\t\t\t<div class=\"elementor-section-wrap\">\n\t\t\t\t\t\t\t\t\t<section class=\"elementor-section elementor-top-section elementor-element elementor-element-ca70c66 elementor-section-boxed elementor-section-height-default elementor-section-height-default\" data-id=\"ca70c66\" data-element_type=\"section\" data-settings=\"{&quot;shape_divider_top&quot;:&quot;opacity-tilt&quot;}\">\n\t\t\t\t\t<div class=\"elementor-shape elementor-shape-top\" data-negative=\"false\">\n\t\t\t<svg xmlns=\"http:\/\/www.w3.org\/2000\/svg\" viewBox=\"0 0 2600 131.1\" preserveAspectRatio=\"none\">\n\t<path class=\"elementor-shape-fill\" d=\"M0 0L2600 0 2600 69.1 0 0z\"\/>\n\t<path class=\"elementor-shape-fill\" style=\"opacity:0.5\" d=\"M0 0L2600 0 2600 69.1 0 69.1z\"\/>\n\t<path class=\"elementor-shape-fill\" style=\"opacity:0.25\" d=\"M2600 0L0 0 0 130.1 2600 69.1z\"\/>\n<\/svg>\t\t<\/div>\n\t\t\t\t\t<div class=\"elementor-container elementor-column-gap-default\">\n\t\t\t\t\t\t\t<div class=\"elementor-row\">\n\t\t\t\t\t<div class=\"elementor-column elementor-col-100 elementor-top-column elementor-element elementor-element-75a538c\" data-id=\"75a538c\" data-element_type=\"column\">\n\t\t\t<div class=\"elementor-column-wrap elementor-element-populated\">\n\t\t\t\t\t\t\t<div class=\"elementor-widget-wrap\">\n\t\t\t\t\t\t<div class=\"elementor-element elementor-element-cefeb32 elementor-widget elementor-widget-spacer\" data-id=\"cefeb32\" data-element_type=\"widget\" data-widget_type=\"spacer.default\">\n\t\t\t\t<div class=\"elementor-widget-container\">\n\t\t\t\t\t<div class=\"elementor-spacer\">\n\t\t\t<div class=\"elementor-spacer-inner\"><\/div>\n\t\t<\/div>\n\t\t\t\t<\/div>\n\t\t\t\t<\/div>\n\t\t\t\t\t\t<\/div>\n\t\t\t\t\t<\/div>\n\t\t<\/div>\n\t\t\t\t\t\t\t\t<\/div>\n\t\t\t\t\t<\/div>\n\t\t<\/section>\n\t\t\t\t<section class=\"elementor-section elementor-top-section elementor-element elementor-element-eeee14a elementor-section-boxed elementor-section-height-default elementor-section-height-default\" data-id=\"eeee14a\" data-element_type=\"section\">\n\t\t\t\t\t\t<div class=\"elementor-container elementor-column-gap-default\">\n\t\t\t\t\t\t\t<div class=\"elementor-row\">\n\t\t\t\t\t<div class=\"elementor-column elementor-col-100 elementor-top-column elementor-element elementor-element-b84c8c4\" data-id=\"b84c8c4\" data-element_type=\"column\">\n\t\t\t<div class=\"elementor-column-wrap elementor-element-populated\">\n\t\t\t\t\t\t\t<div class=\"elementor-widget-wrap\">\n\t\t\t\t\t\t<div class=\"elementor-element elementor-element-1d639c9 elementor-widget elementor-widget-heading\" data-id=\"1d639c9\" data-element_type=\"widget\" data-widget_type=\"heading.default\">\n\t\t\t\t<div class=\"elementor-widget-container\">\n\t\t\t<h2 class=\"elementor-heading-title elementor-size-default\">6-t\u00fd\u017ed\u0148ov\u00fd intenz\u00edvny-skupinov\u00fd kurz <\/h2>\t\t<\/div>\n\t\t\t\t<\/div>\n\t\t\t\t\t\t<\/div>\n\t\t\t\t\t<\/div>\n\t\t<\/div>\n\t\t\t\t\t\t\t\t<\/div>\n\t\t\t\t\t<\/div>\n\t\t<\/section>\n\t\t\t\t<section class=\"elementor-section elementor-top-section elementor-element elementor-element-30be1d5 elementor-section-boxed elementor-section-height-default elementor-section-height-default\" data-id=\"30be1d5\" data-element_type=\"section\" data-settings=\"{&quot;background_background&quot;:&quot;classic&quot;}\">\n\t\t\t\t\t\t<div class=\"elementor-container elementor-column-gap-default\">\n\t\t\t\t\t\t\t<div class=\"elementor-row\">\n\t\t\t\t\t<div class=\"elementor-column elementor-col-100 elementor-top-column elementor-element elementor-element-e6eff6f\" data-id=\"e6eff6f\" data-element_type=\"column\">\n\t\t\t<div class=\"elementor-column-wrap elementor-element-populated\">\n\t\t\t\t\t\t\t<div class=\"elementor-widget-wrap\">\n\t\t\t\t\t\t<div class=\"elementor-element elementor-element-be0d9cd elementor-widget elementor-widget-text-editor\" data-id=\"be0d9cd\" data-element_type=\"widget\" data-widget_type=\"text-editor.default\">\n\t\t\t\t<div class=\"elementor-widget-container\">\n\t\t\t\t\t\t\t\t<div class=\"elementor-text-editor elementor-clearfix\">\n\t\t\t\t<p><span style=\"color: #000000;\"><strong>INFO:<\/strong><\/span><\/p><h2><span style=\"color: #000000;\"><strong>6- t\u00fd\u017ed\u0148ov\u00fd intenz\u00edvny skupinov\u00fd kurz trv\u00e1 od <\/strong><\/span><span style=\"color: #000000;\"><strong style=\"font-family: inherit; font-size: 1.5rem;\">28.2.2026 do 11.4.2026 ( <\/strong><strong style=\"font-family: inherit; font-size: 1.5rem;\">6x sobota)<span style=\"text-decoration: underline;\"> okrem 4.4.2026<\/span><\/strong><\/span><\/h2><h4><span style=\"color: #ffffff;\"><span style=\"color: #000000;\"><strong>od <\/strong><strong>14:45\u00a0 do 17:00<\/strong><strong> 2 x 60 min\u00fat (medzi dvoma hodina je 15-min\u00fatov\u00e1 pauza )<\/strong><\/span><\/span><\/h4><p><span style=\"color: #000000;\">Intenz\u00edvny kurz je ur\u010den\u00e9 pre t\u00fdch ktor\u00ed preferuj\u00fa intenz\u00edvne tr\u00e9ningy<\/span><br \/><span style=\"color: #000000;\">Miesto kurzu : zimn\u00fd \u0161tadi\u00f3n v Pezinku na ulici Roz\u00e1lka 6333\/7.<\/span><br \/><span style=\"color: #000000;\">Kurz je ur\u010den\u00fd pre deti aj dospel\u00fdch v\u00a0skupine.<\/span><br \/><span style=\"color: #000000;\">Do kurzu berieme deti od 4 rokov<\/span><br \/><span style=\"color: #000000;\">Deti aj dospel\u00fdch del\u00edme pod\u013ea v\u00fdkonnostnej \u00farovne<\/span><br \/>V\u00a0skupine sa nach\u00e1dza max 10 kor\u010du\u013euj\u00facich u jedn\u00e9ho tr\u00e9nera<\/p><p><strong>Pokyny :<\/strong><br \/>Na kurz treba pr\u00eds\u0165 aspo\u0148 15 min\u00fat pred za\u010dat\u00edm kurzu.<br \/>Jednu hodinu z kurzu z d\u00f4vodu choroby nahr\u00e1dzame, av\u0161ak chorobu je nutn\u00e9 nahl\u00e1si\u0165 minim\u00e1lne 24 hod\u00edn pred za\u010dat\u00edm hodiny. Ak bude hodina nahl\u00e1sen\u00e1 nesk\u00f4r nie je mo\u017en\u00e9 si ju nahradi\u0165<br \/>Pri pr\u00edchode na zimn\u00fd \u0161tadi\u00f3n pri vstupe stoj\u00ed kolegy\u0148a s mikinou Piruetka u ktorej sa treba prihl\u00e1si\u0165, a\u00a0ona si V\u00e1m vysvetl\u00ed \u010fal\u0161\u00ed postup. Bez zaevidovania nie je mo\u017en\u00e9 \u00eds\u0165 do \u0161atne.<br \/>Na kurz sa treba prihl\u00e1si\u0165\u00a0TU\u00a0a zaplati\u0165 cez \u00fa\u010det.<br \/>Po prihl\u00e1sen\u00ed V\u00e1m pr\u00edde e-mail, \u017ee sme V\u00e1s zaregistrovali do syst\u00e9mu spolu so sumou za kurz ktor\u00fa je nutn\u00e9 uhradi\u0165 najnesk\u00f4r 4 dni pred za\u010dat\u00edm kurzu.<br \/>Deti alebo dospel\u00ed , ktor\u00ed nemaj\u00fa vlastn\u00e9 kor\u010dule a\u00a0helmu si m\u00f4\u017eu zapo\u017ei\u010da\u0165 NA <strong>VLASTN\u00c9 N\u00c1KLADY TU:<\/strong><br \/><strong>E-mail: \u00a0OUTLETHOCKEY@GMAIL.COM\u00a0Tel.\u010d\u00edslo: &#8211;\u00a0+421 948 072 379\/<\/strong><\/p>\t\t\t\t\t<\/div>\n\t\t\t\t\t\t<\/div>\n\t\t\t\t<\/div>\n\t\t\t\t\t\t<\/div>\n\t\t\t\t\t<\/div>\n\t\t<\/div>\n\t\t\t\t\t\t\t\t<\/div>\n\t\t\t\t\t<\/div>\n\t\t<\/section>\n\t\t\t\t\t\t\t\t\t<\/div>\n\t\t\t<\/div>\n\t\t\t\t\t<\/div>\n\t\t","protected":false},"excerpt":{"rendered":"<p>6-t\u00fd\u017ed\u0148ov\u00fd intenz\u00edvny-skupinov\u00fd kurz INFO: 6- t\u00fd\u017ed\u0148ov\u00fd intenz\u00edvny skupinov\u00fd kurz trv\u00e1 od 28.2.2026 do 11.4.2026 ( 6x sobota) okrem 4.4.2026 od 14:45\u00a0 do 17:00 2 x 60 min\u00fat (medzi dvoma hodina je 15-min\u00fatov\u00e1 pauza ) Intenz\u00edvny kurz je ur\u010den\u00e9 pre t\u00fdch ktor\u00ed preferuj\u00fa intenz\u00edvne tr\u00e9ningyMiesto kurzu : zimn\u00fd \u0161tadi\u00f3n v Pezinku na ulici Roz\u00e1lka 6333\/7.Kurz je [&hellip;]<\/p>\n","protected":false},"author":1,"featured_media":0,"parent":0,"menu_order":0,"comment_status":"closed","ping_status":"closed","template":"","meta":{"footnotes":""},"class_list":["post-556","page","type-page","status-publish","hentry"],"_links":{"self":[{"href":"https:\/\/www.piruetka.sk\/new\/index.php\/wp-json\/wp\/v2\/pages\/556","targetHints":{"allow":["GET"]}}],"collection":[{"href":"https:\/\/www.piruetka.sk\/new\/index.php\/wp-json\/wp\/v2\/pages"}],"about":[{"href":"https:\/\/www.piruetka.sk\/new\/index.php\/wp-json\/wp\/v2\/types\/page"}],"author":[{"embeddable":true,"href":"https:\/\/www.piruetka.sk\/new\/index.php\/wp-json\/wp\/v2\/users\/1"}],"replies":[{"embeddable":true,"href":"https:\/\/www.piruetka.sk\/new\/index.php\/wp-json\/wp\/v2\/comments?post=556"}],"version-history":[{"count":66,"href":"https:\/\/www.piruetka.sk\/new\/index.php\/wp-json\/wp\/v2\/pages\/556\/revisions"}],"predecessor-version":[{"id":8910,"href":"https:\/\/www.piruetka.sk\/new\/index.php\/wp-json\/wp\/v2\/pages\/556\/revisions\/8910"}],"wp:attachment":[{"href":"https:\/\/www.piruetka.sk\/new\/index.php\/wp-json\/wp\/v2\/media?parent=556"}],"curies":[{"name":"wp","href":"https:\/\/api.w.org\/{rel}","templated":true}]}}