{"id":5556,"date":"2023-09-01T18:29:45","date_gmt":"2023-09-01T18:29:45","guid":{"rendered":"https:\/\/www.piruetka.sk\/new\/?page_id=5556"},"modified":"2026-02-14T08:47:48","modified_gmt":"2026-02-14T08:47:48","slug":"6-tyzdnovy-sobotny-skupinovy-kurz-dubravka","status":"publish","type":"page","link":"https:\/\/www.piruetka.sk\/new\/index.php\/6-tyzdnovy-sobotny-skupinovy-kurz-dubravka\/","title":{"rendered":"6-t\u00fd\u017ed\u0148ov\u00fd sobotn\u00fd  skupinov\u00fd kurz D\u00fabravka"},"content":{"rendered":"\t\t<div data-elementor-type=\"wp-page\" data-elementor-id=\"5556\" class=\"elementor elementor-5556\">\n\t\t\t\t\t\t<div class=\"elementor-inner\">\n\t\t\t\t<div class=\"elementor-section-wrap\">\n\t\t\t\t\t\t\t\t\t<section class=\"elementor-section elementor-top-section elementor-element elementor-element-8094482 elementor-section-boxed elementor-section-height-default elementor-section-height-default\" data-id=\"8094482\" data-element_type=\"section\" data-settings=\"{&quot;shape_divider_top&quot;:&quot;opacity-tilt&quot;}\">\n\t\t\t\t\t<div class=\"elementor-shape elementor-shape-top\" data-negative=\"false\">\n\t\t\t<svg xmlns=\"http:\/\/www.w3.org\/2000\/svg\" viewBox=\"0 0 2600 131.1\" preserveAspectRatio=\"none\">\n\t<path class=\"elementor-shape-fill\" d=\"M0 0L2600 0 2600 69.1 0 0z\"\/>\n\t<path class=\"elementor-shape-fill\" style=\"opacity:0.5\" d=\"M0 0L2600 0 2600 69.1 0 69.1z\"\/>\n\t<path class=\"elementor-shape-fill\" style=\"opacity:0.25\" d=\"M2600 0L0 0 0 130.1 2600 69.1z\"\/>\n<\/svg>\t\t<\/div>\n\t\t\t\t\t<div class=\"elementor-container elementor-column-gap-default\">\n\t\t\t\t\t\t\t<div class=\"elementor-row\">\n\t\t\t\t\t<div class=\"elementor-column elementor-col-100 elementor-top-column elementor-element elementor-element-4ff3b7e\" data-id=\"4ff3b7e\" data-element_type=\"column\">\n\t\t\t<div class=\"elementor-column-wrap elementor-element-populated\">\n\t\t\t\t\t\t\t<div class=\"elementor-widget-wrap\">\n\t\t\t\t\t\t<div class=\"elementor-element elementor-element-a365c93 elementor-widget elementor-widget-spacer\" data-id=\"a365c93\" data-element_type=\"widget\" data-widget_type=\"spacer.default\">\n\t\t\t\t<div class=\"elementor-widget-container\">\n\t\t\t\t\t<div class=\"elementor-spacer\">\n\t\t\t<div class=\"elementor-spacer-inner\"><\/div>\n\t\t<\/div>\n\t\t\t\t<\/div>\n\t\t\t\t<\/div>\n\t\t\t\t<div class=\"elementor-element elementor-element-a04e2f6 elementor-widget elementor-widget-heading\" data-id=\"a04e2f6\" data-element_type=\"widget\" data-widget_type=\"heading.default\">\n\t\t\t\t<div class=\"elementor-widget-container\">\n\t\t\t<h2 class=\"elementor-heading-title elementor-size-default\">6-t\u00fd\u017ed\u0148ov\u00fd skupinov\u00fd nede\u013en\u00fd kurz D\u00fabravka<\/h2>\t\t<\/div>\n\t\t\t\t<\/div>\n\t\t\t\t\t\t<\/div>\n\t\t\t\t\t<\/div>\n\t\t<\/div>\n\t\t\t\t\t\t\t\t<\/div>\n\t\t\t\t\t<\/div>\n\t\t<\/section>\n\t\t\t\t<section class=\"elementor-section elementor-top-section elementor-element elementor-element-c7a1235 elementor-section-boxed elementor-section-height-default elementor-section-height-default\" data-id=\"c7a1235\" data-element_type=\"section\" data-settings=\"{&quot;background_background&quot;:&quot;classic&quot;}\">\n\t\t\t\t\t\t<div class=\"elementor-container elementor-column-gap-default\">\n\t\t\t\t\t\t\t<div class=\"elementor-row\">\n\t\t\t\t\t<div class=\"elementor-column elementor-col-100 elementor-top-column elementor-element elementor-element-b4b4f57\" data-id=\"b4b4f57\" data-element_type=\"column\">\n\t\t\t<div class=\"elementor-column-wrap elementor-element-populated\">\n\t\t\t\t\t\t\t<div class=\"elementor-widget-wrap\">\n\t\t\t\t\t\t<div class=\"elementor-element elementor-element-d2a13b4 elementor-widget elementor-widget-text-editor\" data-id=\"d2a13b4\" data-element_type=\"widget\" data-widget_type=\"text-editor.default\">\n\t\t\t\t<div class=\"elementor-widget-container\">\n\t\t\t\t\t\t\t\t<div class=\"elementor-text-editor elementor-clearfix\">\n\t\t\t\t<h4><span style=\"color: #ffffff;\"><strong>6-t\u00fd\u017ed\u0148ov\u00fd skupinov\u00fd kurz trv\u00e1 od 1.3.2026 do 12.4.2025 (6 x NEDE\u013dA) okrem 5.4.2026&nbsp; v \u010dase&nbsp; 15:45-16:45<\/strong><\/span><\/h4>\n<p><span style=\"color: #000000;\"><strong>Miesto kurzu : zimn\u00fd \u0161tadi\u00f3n v D\u00fabravke na Harmincovej uli<\/strong>ci&nbsp;<\/span><br><span style=\"color: #000000;\">Kurz je ur\u010den\u00fd pre deti v skupine.<\/span><\/p>\n<p><span style=\"color: #000000;\">Vyhradzujeme si zmenu \u010dasu tr\u00e9ningu , pokia\u013e sa bude hra\u0165 dom\u00e1ci hokejov\u00fd z\u00e1pas HOBY<\/span><\/p>\n<p>Do kurzu berieme deti od 4 rokov<br>Deti aj dospel\u00fdch del\u00edme pod\u013ea v\u00fdkonnostnej \u00farovne<br>V&nbsp;skupine sa nach\u00e1dza max 10 kor\u010du\u013euj\u00facich u jedn\u00e9ho tr\u00e9nera<\/p>\n<p><strong>Pokyny :<\/strong><br>Na kurz treba pr\u00eds\u0165 aspo\u0148 15 min\u00fat pred za\u010dat\u00edm kurzu.<br><strong>Jednu hodinu z kurzu z d\u00f4vodu choroby nahr\u00e1dzame, av\u0161ak chorobu je nutn\u00e9 nahl\u00e1si\u0165 minim\u00e1lne 24 hod\u00edn pred za\u010dat\u00edm hodiny.<\/strong><br>Ak bude hodina nahl\u00e1sen\u00e1 nesk\u00f4r nie je mo\u017en\u00e9 si ju nahradi\u0165!<br>Pri pr\u00edchode na zimn\u00fd \u0161tadi\u00f3n pri vstupe stoj\u00ed kolegy\u0148a s mikinou Piruetka u ktorej sa treba prihl\u00e1si\u0165, a ona V\u00e1m vysvetl\u00ed \u010fal\u0161\u00ed postup. Bez zaevidovania nie je mo\u017en\u00e9 \u00eds\u0165 do \u0161atne.<br>Po prihl\u00e1sen\u00ed V\u00e1m pr\u00edde e-mail, \u017ee sme V\u00e1s zaregistrovali do syst\u00e9mu spolu so sumou za kurz ktor\u00fa je nutn\u00e9 uhradi\u0165 najnesk\u00f4r 4 dni po vytvoren\u00ed objedn\u00e1vky.<br>Deti alebo dospel\u00ed , ktor\u00ed nemaj\u00fa vlastn\u00e9 kor\u010dule a helmu si m\u00f4\u017eu zapo\u017ei\u010da\u0165 NA VLASTN\u00c9 N\u00c1KLADY u n\u00e1s prostredn\u00edctvom vyplnen\u00e9ho objedn\u00e1vkov\u00e9ho formul\u00e1ra.<\/p>\n<p><strong>V pr\u00edpade nezaplnenia kapac\u00edt na skupinu kde je minimum 5 det\u00ed alebo dospel\u00fdch&nbsp; sa skupina ru\u0161\u00ed alebo je mo\u017en\u00e9 \u00eds\u0165 do skupiny na in\u00fd zimn\u00fd \u0161tadi\u00f3n. 2<\/strong><\/p>\t\t\t\t\t<\/div>\n\t\t\t\t\t\t<\/div>\n\t\t\t\t<\/div>\n\t\t\t\t\t\t<\/div>\n\t\t\t\t\t<\/div>\n\t\t<\/div>\n\t\t\t\t\t\t\t\t<\/div>\n\t\t\t\t\t<\/div>\n\t\t<\/section>\n\t\t\t\t\t\t\t\t\t<\/div>\n\t\t\t<\/div>\n\t\t\t\t\t<\/div>\n\t\t","protected":false},"excerpt":{"rendered":"<p>6-t\u00fd\u017ed\u0148ov\u00fd skupinov\u00fd nede\u013en\u00fd kurz D\u00fabravka 6-t\u00fd\u017ed\u0148ov\u00fd skupinov\u00fd kurz trv\u00e1 od 1.3.2026 do 12.4.2025 (6 x NEDE\u013dA) okrem 5.4.2026&nbsp; v \u010dase&nbsp; 15:45-16:45 Miesto kurzu : zimn\u00fd \u0161tadi\u00f3n v D\u00fabravke na Harmincovej ulici&nbsp;Kurz je ur\u010den\u00fd pre deti v skupine. Vyhradzujeme si zmenu \u010dasu tr\u00e9ningu , pokia\u013e sa bude hra\u0165 dom\u00e1ci hokejov\u00fd z\u00e1pas HOBY Do kurzu berieme deti [&hellip;]<\/p>\n","protected":false},"author":2,"featured_media":0,"parent":0,"menu_order":0,"comment_status":"closed","ping_status":"closed","template":"","meta":{"footnotes":""},"class_list":["post-5556","page","type-page","status-publish","hentry"],"_links":{"self":[{"href":"https:\/\/www.piruetka.sk\/new\/index.php\/wp-json\/wp\/v2\/pages\/5556","targetHints":{"allow":["GET"]}}],"collection":[{"href":"https:\/\/www.piruetka.sk\/new\/index.php\/wp-json\/wp\/v2\/pages"}],"about":[{"href":"https:\/\/www.piruetka.sk\/new\/index.php\/wp-json\/wp\/v2\/types\/page"}],"author":[{"embeddable":true,"href":"https:\/\/www.piruetka.sk\/new\/index.php\/wp-json\/wp\/v2\/users\/2"}],"replies":[{"embeddable":true,"href":"https:\/\/www.piruetka.sk\/new\/index.php\/wp-json\/wp\/v2\/comments?post=5556"}],"version-history":[{"count":63,"href":"https:\/\/www.piruetka.sk\/new\/index.php\/wp-json\/wp\/v2\/pages\/5556\/revisions"}],"predecessor-version":[{"id":8988,"href":"https:\/\/www.piruetka.sk\/new\/index.php\/wp-json\/wp\/v2\/pages\/5556\/revisions\/8988"}],"wp:attachment":[{"href":"https:\/\/www.piruetka.sk\/new\/index.php\/wp-json\/wp\/v2\/media?parent=5556"}],"curies":[{"name":"wp","href":"https:\/\/api.w.org\/{rel}","templated":true}]}}