{"id":5322,"date":"2023-08-27T09:10:13","date_gmt":"2023-08-27T09:10:13","guid":{"rendered":"https:\/\/www.piruetka.sk\/new\/?page_id=5322"},"modified":"2026-02-10T09:06:01","modified_gmt":"2026-02-10T09:06:01","slug":"6-tyzdnovy-individualny-hokejovy-kurz-pre-deti-v-lamaci","status":"publish","type":"page","link":"https:\/\/www.piruetka.sk\/new\/index.php\/6-tyzdnovy-individualny-hokejovy-kurz-pre-deti-v-lamaci\/","title":{"rendered":"6- t\u00fd\u017ed\u0148ov\u00fd individu\u00e1lny hokejov\u00fd\u00a0kurz pre deti\u00a0v Lama\u010di"},"content":{"rendered":"\t\t<div data-elementor-type=\"wp-page\" data-elementor-id=\"5322\" class=\"elementor elementor-5322\">\n\t\t\t\t\t\t<div class=\"elementor-inner\">\n\t\t\t\t<div class=\"elementor-section-wrap\">\n\t\t\t\t\t\t\t\t\t<section class=\"elementor-section elementor-top-section elementor-element elementor-element-00e3f4d elementor-section-boxed elementor-section-height-default elementor-section-height-default\" data-id=\"00e3f4d\" data-element_type=\"section\" data-settings=\"{&quot;shape_divider_top&quot;:&quot;opacity-tilt&quot;}\">\n\t\t\t\t\t<div class=\"elementor-shape elementor-shape-top\" data-negative=\"false\">\n\t\t\t<svg xmlns=\"http:\/\/www.w3.org\/2000\/svg\" viewBox=\"0 0 2600 131.1\" preserveAspectRatio=\"none\">\n\t<path class=\"elementor-shape-fill\" d=\"M0 0L2600 0 2600 69.1 0 0z\"\/>\n\t<path class=\"elementor-shape-fill\" style=\"opacity:0.5\" d=\"M0 0L2600 0 2600 69.1 0 69.1z\"\/>\n\t<path class=\"elementor-shape-fill\" style=\"opacity:0.25\" d=\"M2600 0L0 0 0 130.1 2600 69.1z\"\/>\n<\/svg>\t\t<\/div>\n\t\t\t\t\t<div class=\"elementor-container elementor-column-gap-default\">\n\t\t\t\t\t\t\t<div class=\"elementor-row\">\n\t\t\t\t\t<div class=\"elementor-column elementor-col-100 elementor-top-column elementor-element elementor-element-9052dc0\" data-id=\"9052dc0\" data-element_type=\"column\">\n\t\t\t<div class=\"elementor-column-wrap elementor-element-populated\">\n\t\t\t\t\t\t\t<div class=\"elementor-widget-wrap\">\n\t\t\t\t\t\t<div class=\"elementor-element elementor-element-4292a0c elementor-widget elementor-widget-spacer\" data-id=\"4292a0c\" data-element_type=\"widget\" data-widget_type=\"spacer.default\">\n\t\t\t\t<div class=\"elementor-widget-container\">\n\t\t\t\t\t<div class=\"elementor-spacer\">\n\t\t\t<div class=\"elementor-spacer-inner\"><\/div>\n\t\t<\/div>\n\t\t\t\t<\/div>\n\t\t\t\t<\/div>\n\t\t\t\t<div class=\"elementor-element elementor-element-f2a19a8 elementor-widget elementor-widget-heading\" data-id=\"f2a19a8\" data-element_type=\"widget\" data-widget_type=\"heading.default\">\n\t\t\t\t<div class=\"elementor-widget-container\">\n\t\t\t<h2 class=\"elementor-heading-title elementor-size-default\">6: t\u00fd\u017ed\u0148ov\u00fd hokejov\u00fd kurz pre teengerov  a dospel\u00fdch <\/h2>\t\t<\/div>\n\t\t\t\t<\/div>\n\t\t\t\t\t\t<\/div>\n\t\t\t\t\t<\/div>\n\t\t<\/div>\n\t\t\t\t\t\t\t\t<\/div>\n\t\t\t\t\t<\/div>\n\t\t<\/section>\n\t\t\t\t<section class=\"elementor-section elementor-top-section elementor-element elementor-element-020c758 elementor-section-boxed elementor-section-height-default elementor-section-height-default\" data-id=\"020c758\" data-element_type=\"section\" data-settings=\"{&quot;background_background&quot;:&quot;classic&quot;}\">\n\t\t\t\t\t\t<div class=\"elementor-container elementor-column-gap-default\">\n\t\t\t\t\t\t\t<div class=\"elementor-row\">\n\t\t\t\t\t<div class=\"elementor-column elementor-col-100 elementor-top-column elementor-element elementor-element-e9abe9b\" data-id=\"e9abe9b\" data-element_type=\"column\" data-settings=\"{&quot;background_background&quot;:&quot;classic&quot;}\">\n\t\t\t<div class=\"elementor-column-wrap elementor-element-populated\">\n\t\t\t\t\t\t\t<div class=\"elementor-widget-wrap\">\n\t\t\t\t\t\t<div class=\"elementor-element elementor-element-d9f6686 elementor-widget elementor-widget-text-editor\" data-id=\"d9f6686\" data-element_type=\"widget\" data-widget_type=\"text-editor.default\">\n\t\t\t\t<div class=\"elementor-widget-container\">\n\t\t\t\t\t\t\t\t<div class=\"elementor-text-editor elementor-clearfix\">\n\t\t\t\t<h3><strong><span style=\"color: #ffffff;\">6-t\u00fd\u017ed\u0148ov\u00fd hokejov\u00fd kurz pre teenegerov a dospel\u00fdch trv\u00e1 od<\/span><\/strong><\/h3><h4><strong><span style=\"color: #ffffff;\">\u00a028.2.2026 do 11.4.2026 ( 6x sobota)<span style=\"text-decoration: underline;\"> okrem 4.4.2026 v\u00a0 \u010dase 18:45-19:45<\/span><\/span><\/strong><\/h4><div><h3><strong><span style=\"color: #ffffff;\">INFO:<\/span><\/strong><\/h3><p><strong><span style=\"color: #000000;\">Kurzy s\u00fa ur\u010den\u00e9 pre amat\u00e9rskych hokejistov ktor\u00ed hr\u00e1va\u00fa parti\u010dky a potrebuj\u00fa sa zdokonali\u0165 v technike kor\u010du\u013eovania \u010di stre\u013ebe, rovnako s\u00fa vhodn\u00e9 aj pre t\u00fdch ktor\u00fd nemaj\u00fa e\u0161te to\u013eko sk\u00fasenosti v hran\u00ed hokeja a potrebuj\u00fa nadobudn\u00fat pocit stability a <\/span><span style=\"color: #000000;\">istoty .<\/span><span style=\"color: #000000;\">Tr\u00e9ning je prisposoben\u00fd v\u017edy aktu\u00e1lnej \u00farovni na danom dni.<\/span><\/strong><\/p><section class=\"elementor-section elementor-top-section elementor-element elementor-element-3e1162e elementor-section-boxed elementor-section-height-default elementor-section-height-default\" data-id=\"3e1162e\" data-element_type=\"section\" data-settings=\"{&quot;background_background&quot;:&quot;classic&quot;}\"><div class=\"elementor-container elementor-column-gap-default\"><div class=\"elementor-row\"><div class=\"elementor-column elementor-col-100 elementor-top-column elementor-element elementor-element-6b27d8e\" data-id=\"6b27d8e\" data-element_type=\"column\" data-settings=\"{&quot;background_background&quot;:&quot;slideshow&quot;,&quot;background_slideshow_gallery&quot;:[],&quot;background_slideshow_loop&quot;:&quot;yes&quot;,&quot;background_slideshow_slide_duration&quot;:5000,&quot;background_slideshow_slide_transition&quot;:&quot;fade&quot;,&quot;background_slideshow_transition_duration&quot;:500}\"><div class=\"elementor-column-wrap elementor-element-populated\"><div class=\"elementor-widget-wrap\"><div class=\"elementor-element elementor-element-17ebd68 elementor-widget elementor-widget-text-editor\" data-id=\"17ebd68\" data-element_type=\"widget\" data-widget_type=\"text-editor.default\"><div class=\"elementor-widget-container\"><div class=\"elementor-text-editor elementor-clearfix\"><ul><li><span style=\"color: #000000;\"><strong>Miesto kurzu : zimn\u00fd \u0161tadi\u00f3n v Lama\u010di na Borinskej ulici\u00a0<\/strong><\/span><\/li><\/ul><p><span style=\"color: #000000;\"><strong>POKYNY:<\/strong><\/span><br \/><span style=\"color: #000000;\"><strong>Na kurz treba pr\u00eds\u0165 aspo\u0148 15 min\u00fat pred za\u010dat\u00edm kurzu.<\/strong><\/span><br \/><span style=\"color: #000000;\"><b>Jednu hodinu z kurzu z d\u00f4vodu choroby nahr\u00e1dzame, av\u0161ak chorobu je nutn\u00e9 nahl\u00e1si\u0165 minim\u00e1lne 24 hod\u00edn pred za\u010dat\u00edm hodiny.<\/b><\/span><\/p><p><span style=\"color: #000000;\"><strong>Ak bude hodina nahl\u00e1sen\u00e1 nesk\u00f4r nie je mo\u017en\u00e9 si ju nahradi\u0165!<\/strong><\/span><\/p><p><span style=\"color: #000000;\"><strong>Po prihl\u00e1sen\u00ed V\u00e1m pr\u00edde e-mail, \u017ee sme V\u00e1s zaregistrovali do syst\u00e9mu spolu so sumou za kurz ktor\u00fa je nutn\u00e9 uhradi\u0165 najnesk\u00f4r 4 dni po vytvoren\u00ed objedn\u00e1vky.<\/strong><\/span><\/p><p><span style=\"color: #000000;\"><b style=\"color: #000000;\">Pri vstupe na zimn\u00fd \u0161tadi\u00f3n sa treba zahl\u00e1si\u0165\u00a0ka\u017ed\u00fa hodinu u kolegyni ktor\u00e1 sed\u00ed\/ stoj\u00ed na <\/b><span style=\"color: #000000;\"><b>recepcii<\/b><\/span><b style=\"color: #000000;\"> a m\u00e1 na sebe oble\u010den\u00fa mikinu Piruetka a ona V\u00e1m vysvetl\u00ed \u010fal\u0161\u00ed postup. Bez zaevidovania nie je mo\u017en\u00e9 \u00eds\u0165 do \u0161atne<\/b><\/span><br \/><b><\/b><\/p><\/div><\/div><\/div><\/div><\/div><\/div><\/div><\/div><\/section><\/div>\t\t\t\t\t<\/div>\n\t\t\t\t\t\t<\/div>\n\t\t\t\t<\/div>\n\t\t\t\t<div class=\"elementor-element elementor-element-27010f6 elementor-widget elementor-widget-spacer\" data-id=\"27010f6\" data-element_type=\"widget\" data-widget_type=\"spacer.default\">\n\t\t\t\t<div class=\"elementor-widget-container\">\n\t\t\t\t\t<div class=\"elementor-spacer\">\n\t\t\t<div class=\"elementor-spacer-inner\"><\/div>\n\t\t<\/div>\n\t\t\t\t<\/div>\n\t\t\t\t<\/div>\n\t\t\t\t\t\t<\/div>\n\t\t\t\t\t<\/div>\n\t\t<\/div>\n\t\t\t\t\t\t\t\t<\/div>\n\t\t\t\t\t<\/div>\n\t\t<\/section>\n\t\t\t\t\t\t\t\t\t<\/div>\n\t\t\t<\/div>\n\t\t\t\t\t<\/div>\n\t\t","protected":false},"excerpt":{"rendered":"<p>6: t\u00fd\u017ed\u0148ov\u00fd hokejov\u00fd kurz pre teengerov a dospel\u00fdch 6-t\u00fd\u017ed\u0148ov\u00fd hokejov\u00fd kurz pre teenegerov a dospel\u00fdch trv\u00e1 od \u00a028.2.2026 do 11.4.2026 ( 6x sobota) okrem 4.4.2026 v\u00a0 \u010dase 18:45-19:45 INFO: Kurzy s\u00fa ur\u010den\u00e9 pre amat\u00e9rskych hokejistov ktor\u00ed hr\u00e1va\u00fa parti\u010dky a potrebuj\u00fa sa zdokonali\u0165 v technike kor\u010du\u013eovania \u010di stre\u013ebe, rovnako s\u00fa vhodn\u00e9 aj pre t\u00fdch ktor\u00fd nemaj\u00fa [&hellip;]<\/p>\n","protected":false},"author":2,"featured_media":0,"parent":0,"menu_order":0,"comment_status":"closed","ping_status":"closed","template":"","meta":{"footnotes":""},"class_list":["post-5322","page","type-page","status-publish","hentry"],"_links":{"self":[{"href":"https:\/\/www.piruetka.sk\/new\/index.php\/wp-json\/wp\/v2\/pages\/5322","targetHints":{"allow":["GET"]}}],"collection":[{"href":"https:\/\/www.piruetka.sk\/new\/index.php\/wp-json\/wp\/v2\/pages"}],"about":[{"href":"https:\/\/www.piruetka.sk\/new\/index.php\/wp-json\/wp\/v2\/types\/page"}],"author":[{"embeddable":true,"href":"https:\/\/www.piruetka.sk\/new\/index.php\/wp-json\/wp\/v2\/users\/2"}],"replies":[{"embeddable":true,"href":"https:\/\/www.piruetka.sk\/new\/index.php\/wp-json\/wp\/v2\/comments?post=5322"}],"version-history":[{"count":61,"href":"https:\/\/www.piruetka.sk\/new\/index.php\/wp-json\/wp\/v2\/pages\/5322\/revisions"}],"predecessor-version":[{"id":8951,"href":"https:\/\/www.piruetka.sk\/new\/index.php\/wp-json\/wp\/v2\/pages\/5322\/revisions\/8951"}],"wp:attachment":[{"href":"https:\/\/www.piruetka.sk\/new\/index.php\/wp-json\/wp\/v2\/media?parent=5322"}],"curies":[{"name":"wp","href":"https:\/\/api.w.org\/{rel}","templated":true}]}}