{"id":5318,"date":"2023-08-27T09:08:57","date_gmt":"2023-08-27T09:08:57","guid":{"rendered":"https:\/\/www.piruetka.sk\/new\/?page_id=5318"},"modified":"2026-02-10T08:57:25","modified_gmt":"2026-02-10T08:57:25","slug":"6-tyzdnovy-hokejovy-kurz-pre-dospelych-v-lamaci","status":"publish","type":"page","link":"https:\/\/www.piruetka.sk\/new\/index.php\/6-tyzdnovy-hokejovy-kurz-pre-dospelych-v-lamaci\/","title":{"rendered":"6- t\u00fd\u017ed\u0148ov\u00fd hokejov\u00fd\u00a0\u00a0kurz pre dospel\u00fdch v Lama\u010di"},"content":{"rendered":"\t\t<div data-elementor-type=\"wp-page\" data-elementor-id=\"5318\" class=\"elementor elementor-5318\">\n\t\t\t\t\t\t<div class=\"elementor-inner\">\n\t\t\t\t<div class=\"elementor-section-wrap\">\n\t\t\t\t\t\t\t\t\t<section class=\"elementor-section elementor-top-section elementor-element elementor-element-56f5336 elementor-section-boxed elementor-section-height-default elementor-section-height-default\" data-id=\"56f5336\" data-element_type=\"section\" data-settings=\"{&quot;shape_divider_top&quot;:&quot;opacity-tilt&quot;}\">\n\t\t\t\t\t<div class=\"elementor-shape elementor-shape-top\" data-negative=\"false\">\n\t\t\t<svg xmlns=\"http:\/\/www.w3.org\/2000\/svg\" viewBox=\"0 0 2600 131.1\" preserveAspectRatio=\"none\">\n\t<path class=\"elementor-shape-fill\" d=\"M0 0L2600 0 2600 69.1 0 0z\"\/>\n\t<path class=\"elementor-shape-fill\" style=\"opacity:0.5\" d=\"M0 0L2600 0 2600 69.1 0 69.1z\"\/>\n\t<path class=\"elementor-shape-fill\" style=\"opacity:0.25\" d=\"M2600 0L0 0 0 130.1 2600 69.1z\"\/>\n<\/svg>\t\t<\/div>\n\t\t\t\t\t<div class=\"elementor-container elementor-column-gap-default\">\n\t\t\t\t\t\t\t<div class=\"elementor-row\">\n\t\t\t\t\t<div class=\"elementor-column elementor-col-100 elementor-top-column elementor-element elementor-element-c8f534f\" data-id=\"c8f534f\" data-element_type=\"column\">\n\t\t\t<div class=\"elementor-column-wrap elementor-element-populated\">\n\t\t\t\t\t\t\t<div class=\"elementor-widget-wrap\">\n\t\t\t\t\t\t<div class=\"elementor-element elementor-element-b1ce7af elementor-widget elementor-widget-heading\" data-id=\"b1ce7af\" data-element_type=\"widget\" data-widget_type=\"heading.default\">\n\t\t\t\t<div class=\"elementor-widget-container\">\n\t\t\t<h2 class=\"elementor-heading-title elementor-size-default\">6- t\u00fd\u017ed\u0148ov\u00fd hokejov\u00fd individu\u00e1lny kurz<\/h2>\t\t<\/div>\n\t\t\t\t<\/div>\n\t\t\t\t\t\t<\/div>\n\t\t\t\t\t<\/div>\n\t\t<\/div>\n\t\t\t\t\t\t\t\t<\/div>\n\t\t\t\t\t<\/div>\n\t\t<\/section>\n\t\t\t\t<section class=\"elementor-section elementor-top-section elementor-element elementor-element-2c71766 elementor-section-boxed elementor-section-height-default elementor-section-height-default\" data-id=\"2c71766\" data-element_type=\"section\" data-settings=\"{&quot;background_background&quot;:&quot;classic&quot;}\">\n\t\t\t\t\t\t<div class=\"elementor-container elementor-column-gap-default\">\n\t\t\t\t\t\t\t<div class=\"elementor-row\">\n\t\t\t\t\t<div class=\"elementor-column elementor-col-100 elementor-top-column elementor-element elementor-element-f6129ee\" data-id=\"f6129ee\" data-element_type=\"column\" data-settings=\"{&quot;background_background&quot;:&quot;classic&quot;}\">\n\t\t\t<div class=\"elementor-column-wrap elementor-element-populated\">\n\t\t\t\t\t\t\t<div class=\"elementor-widget-wrap\">\n\t\t\t\t\t\t<div class=\"elementor-element elementor-element-ffa1dc4 elementor-widget elementor-widget-text-editor\" data-id=\"ffa1dc4\" data-element_type=\"widget\" data-widget_type=\"text-editor.default\">\n\t\t\t\t<div class=\"elementor-widget-container\">\n\t\t\t\t\t\t\t\t<div class=\"elementor-text-editor elementor-clearfix\">\n\t\t\t\t<h3><span style=\"color: #ffffff;\">6-t\u00fd\u017ed\u0148ov\u00fd individu\u00e1lny\u00a0 hokejov\u00fd\u00a0 kurz trv\u00e1 od <strong style=\"font-family: inherit; font-size: 1.5rem;\">28.2.2026 do 11.4.2026 ( <\/strong><strong style=\"font-family: inherit; font-size: 1.5rem;\">6x sobota)<\/strong><strong style=\"font-family: inherit; font-size: 1.5rem;\"><span style=\"text-decoration: underline;\"> okrem 4.4.2026\u00a0 v \u010dase 18:45-19:45<\/span><\/strong><\/span><\/h3><h4><span style=\"color: #000000;\"> <strong>\u00a0<\/strong><\/span><strong style=\"color: #000000;\">\u00a0Kurzy s\u00fa ur\u010den\u00e9 pre deti aj<\/strong><strong style=\"color: #000000;\"> dospel\u00fdch\u00a0\u00a0<\/strong><\/h4><div><section class=\"elementor-section elementor-top-section elementor-element elementor-element-2eb8c19 elementor-section-boxed elementor-section-height-default elementor-section-height-default\" data-id=\"2eb8c19\" data-element_type=\"section\" data-settings=\"{&quot;background_background&quot;:&quot;classic&quot;}\"><div class=\"elementor-container elementor-column-gap-default\"><div class=\"elementor-row\"><div class=\"elementor-column elementor-col-100 elementor-top-column elementor-element elementor-element-63629a3\" data-id=\"63629a3\" data-element_type=\"column\" data-settings=\"{&quot;background_background&quot;:&quot;slideshow&quot;,&quot;background_slideshow_gallery&quot;:[],&quot;background_slideshow_loop&quot;:&quot;yes&quot;,&quot;background_slideshow_slide_duration&quot;:5000,&quot;background_slideshow_slide_transition&quot;:&quot;fade&quot;,&quot;background_slideshow_transition_duration&quot;:500}\"><div class=\"elementor-column-wrap elementor-element-populated\"><div class=\"elementor-widget-wrap\"><div class=\"elementor-element elementor-element-dea8c32 elementor-widget elementor-widget-text-editor\" data-id=\"dea8c32\" data-element_type=\"widget\" data-widget_type=\"text-editor.default\"><div class=\"elementor-widget-container\"><div class=\"elementor-text-editor elementor-clearfix\"><p><span style=\"color: #000000;\">Individu\u00e1lne kurzy s\u00fa ur\u010den\u00e9 pre 1-3 osoby\u00a0 u jedn\u00e9ho tr\u00e9nera.<\/span><\/p><p><span style=\"color: #000000;\">Pokia\u013e prihlasujete dve alebo tri osoby je d\u00f4le\u017eit\u00e9 aby \u00farove\u0148 kor\u010du\u013eovania bola aspo\u0148 na podobnej \u00farovni.<\/span><\/p><p><strong><span style=\"color: #000000;\">Sl\u00fa\u017eia ako na nau\u010denie sa hokejov\u00fdch z\u00e1kladov tak aj na\u00a0 zdokonalenie hokejovej techniky kor\u010du\u013eovaniu, najm\u00e4 :<\/span><\/strong><\/p><ol><li><strong><span style=\"color: #000000;\">hokejov\u00e1 abeceda<\/span><\/strong><\/li><li><strong><span style=\"color: #000000;\">powerskating<\/span><\/strong><\/li><li><strong><span style=\"color: #000000;\">pr\u00e1ca s hokejkou a pukom<\/span><\/strong><\/li><li><strong><span style=\"color: #000000;\">jazda v hran\u00e1ch<\/span><\/strong><\/li><li><strong><span style=\"color: #000000;\">strelba<\/span><\/strong><\/li><li><strong><span style=\"color: #000000;\">hra\u00a0<\/span><\/strong><\/li><\/ol><p><span style=\"color: #000000;\"><strong>Maxim\u00e1lny po\u010det s\u00fa tri osoby u jedn\u00e9ho tr\u00e9nera.<\/strong><\/span><\/p><p><strong style=\"color: #000000;\">Miesto kurzu : zimn\u00fd \u0161tadi\u00f3n v Lama\u010di na Borinskej ulici\u00a0<\/strong><\/p><section class=\"elementor-section elementor-top-section elementor-element elementor-element-3e1162e elementor-section-boxed elementor-section-height-default elementor-section-height-default\" data-id=\"3e1162e\" data-element_type=\"section\" data-settings=\"{&quot;background_background&quot;:&quot;classic&quot;}\"><div class=\"elementor-container elementor-column-gap-default\"><div class=\"elementor-row\"><div class=\"elementor-column elementor-col-100 elementor-top-column elementor-element elementor-element-6b27d8e\" data-id=\"6b27d8e\" data-element_type=\"column\" data-settings=\"{&quot;background_background&quot;:&quot;slideshow&quot;,&quot;background_slideshow_gallery&quot;:[],&quot;background_slideshow_loop&quot;:&quot;yes&quot;,&quot;background_slideshow_slide_duration&quot;:5000,&quot;background_slideshow_slide_transition&quot;:&quot;fade&quot;,&quot;background_slideshow_transition_duration&quot;:500}\"><div class=\"elementor-column-wrap elementor-element-populated\"><div class=\"elementor-widget-wrap\"><div class=\"elementor-element elementor-element-17ebd68 elementor-widget elementor-widget-text-editor\" data-id=\"17ebd68\" data-element_type=\"widget\" data-widget_type=\"text-editor.default\"><div class=\"elementor-widget-container\"><div class=\"elementor-text-editor elementor-clearfix\"><p><span style=\"color: #000000;\"><strong>POKYNY:<\/strong><\/span><br \/><span style=\"color: #000000;\"><strong>Na kurz treba pr\u00eds\u0165 aspo\u0148 15 min\u00fat pred za\u010dat\u00edm kurzu.<\/strong><\/span><\/p><p><span style=\"color: #000000;\"><strong>Po prihl\u00e1sen\u00ed V\u00e1m pr\u00edde e-mail, \u017ee sme V\u00e1s zaregistrovali do syst\u00e9mu spolu so sumou za kurz ktor\u00fa je nutn\u00e9 uhradi\u0165 najnesk\u00f4r 4 dni po vytvoren\u00ed objedn\u00e1vky.<\/strong><\/span><\/p><p><span style=\"color: #000000;\"><b style=\"color: #000000;\">Pri vstupe na zimn\u00fd \u0161tadi\u00f3n sa treba zahl\u00e1si\u0165\u00a0ka\u017ed\u00fa hodinu u kolegyni ktor\u00e1 sed\u00ed\/ stoj\u00ed na <\/b><span style=\"color: #000000;\"><b>recepci\u00ed<\/b><\/span><b style=\"color: #000000;\"> a m\u00e1 na sebe oble\u010den\u00fa mikinu Piruetka a ona V\u00e1m vysvetl\u00ed \u010fal\u0161\u00ed postup. Bez zaevidovania nie je mo\u017en\u00e9 \u00eds\u0165 do \u0161atne.<\/b><\/span><br \/><b><\/b><\/p><p><strong><span style=\"color: #000000;\">Treba ma\u0165 vlastn\u00fa v\u00fdstroj , hokejku a hokejov\u00fa prilbu<\/span><\/strong><\/p><\/div><\/div><\/div><\/div><\/div><\/div><\/div><\/div><\/section><\/div><\/div><\/div><\/div><\/div><\/div><\/div><\/div><\/section><\/div>\t\t\t\t\t<\/div>\n\t\t\t\t\t\t<\/div>\n\t\t\t\t<\/div>\n\t\t\t\t<div class=\"elementor-element elementor-element-079fa93 elementor-widget elementor-widget-spacer\" data-id=\"079fa93\" data-element_type=\"widget\" data-widget_type=\"spacer.default\">\n\t\t\t\t<div class=\"elementor-widget-container\">\n\t\t\t\t\t<div class=\"elementor-spacer\">\n\t\t\t<div class=\"elementor-spacer-inner\"><\/div>\n\t\t<\/div>\n\t\t\t\t<\/div>\n\t\t\t\t<\/div>\n\t\t\t\t\t\t<\/div>\n\t\t\t\t\t<\/div>\n\t\t<\/div>\n\t\t\t\t\t\t\t\t<\/div>\n\t\t\t\t\t<\/div>\n\t\t<\/section>\n\t\t\t\t\t\t\t\t\t<\/div>\n\t\t\t<\/div>\n\t\t\t\t\t<\/div>\n\t\t","protected":false},"excerpt":{"rendered":"<p>6- t\u00fd\u017ed\u0148ov\u00fd hokejov\u00fd individu\u00e1lny kurz 6-t\u00fd\u017ed\u0148ov\u00fd individu\u00e1lny\u00a0 hokejov\u00fd\u00a0 kurz trv\u00e1 od 28.2.2026 do 11.4.2026 ( 6x sobota) okrem 4.4.2026\u00a0 v \u010dase 18:45-19:45 \u00a0\u00a0Kurzy s\u00fa ur\u010den\u00e9 pre deti aj dospel\u00fdch\u00a0\u00a0 Individu\u00e1lne kurzy s\u00fa ur\u010den\u00e9 pre 1-3 osoby\u00a0 u jedn\u00e9ho tr\u00e9nera. Pokia\u013e prihlasujete dve alebo tri osoby je d\u00f4le\u017eit\u00e9 aby \u00farove\u0148 kor\u010du\u013eovania bola aspo\u0148 na podobnej \u00farovni. [&hellip;]<\/p>\n","protected":false},"author":2,"featured_media":0,"parent":0,"menu_order":0,"comment_status":"closed","ping_status":"closed","template":"","meta":{"footnotes":""},"class_list":["post-5318","page","type-page","status-publish","hentry"],"_links":{"self":[{"href":"https:\/\/www.piruetka.sk\/new\/index.php\/wp-json\/wp\/v2\/pages\/5318","targetHints":{"allow":["GET"]}}],"collection":[{"href":"https:\/\/www.piruetka.sk\/new\/index.php\/wp-json\/wp\/v2\/pages"}],"about":[{"href":"https:\/\/www.piruetka.sk\/new\/index.php\/wp-json\/wp\/v2\/types\/page"}],"author":[{"embeddable":true,"href":"https:\/\/www.piruetka.sk\/new\/index.php\/wp-json\/wp\/v2\/users\/2"}],"replies":[{"embeddable":true,"href":"https:\/\/www.piruetka.sk\/new\/index.php\/wp-json\/wp\/v2\/comments?post=5318"}],"version-history":[{"count":97,"href":"https:\/\/www.piruetka.sk\/new\/index.php\/wp-json\/wp\/v2\/pages\/5318\/revisions"}],"predecessor-version":[{"id":8940,"href":"https:\/\/www.piruetka.sk\/new\/index.php\/wp-json\/wp\/v2\/pages\/5318\/revisions\/8940"}],"wp:attachment":[{"href":"https:\/\/www.piruetka.sk\/new\/index.php\/wp-json\/wp\/v2\/media?parent=5318"}],"curies":[{"name":"wp","href":"https:\/\/api.w.org\/{rel}","templated":true}]}}