{"id":3906,"date":"2023-01-18T08:26:56","date_gmt":"2023-01-18T08:26:56","guid":{"rendered":"https:\/\/www.piruetka.sk\/new\/?page_id=3906"},"modified":"2026-02-08T14:53:13","modified_gmt":"2026-02-08T14:53:13","slug":"6-tyzdnovy-individualny-hokejovy-kurz-pre-deti-pezinok-2","status":"publish","type":"page","link":"https:\/\/www.piruetka.sk\/new\/index.php\/6-tyzdnovy-individualny-hokejovy-kurz-pre-deti-pezinok-2\/","title":{"rendered":"6-t\u00fd\u017ed\u0148ov\u00fd individu\u00e1lny hokejov\u00fd kurz\u00a0 pre deti pezinok2"},"content":{"rendered":"\t\t<div data-elementor-type=\"wp-page\" data-elementor-id=\"3906\" class=\"elementor elementor-3906\">\n\t\t\t\t\t\t<div class=\"elementor-inner\">\n\t\t\t\t<div class=\"elementor-section-wrap\">\n\t\t\t\t\t\t\t\t\t<section class=\"elementor-section elementor-top-section elementor-element elementor-element-f573036 elementor-section-boxed elementor-section-height-default elementor-section-height-default\" data-id=\"f573036\" data-element_type=\"section\" data-settings=\"{&quot;shape_divider_top&quot;:&quot;opacity-tilt&quot;}\">\n\t\t\t\t\t<div class=\"elementor-shape elementor-shape-top\" data-negative=\"false\">\n\t\t\t<svg xmlns=\"http:\/\/www.w3.org\/2000\/svg\" viewBox=\"0 0 2600 131.1\" preserveAspectRatio=\"none\">\n\t<path class=\"elementor-shape-fill\" d=\"M0 0L2600 0 2600 69.1 0 0z\"\/>\n\t<path class=\"elementor-shape-fill\" style=\"opacity:0.5\" d=\"M0 0L2600 0 2600 69.1 0 69.1z\"\/>\n\t<path class=\"elementor-shape-fill\" style=\"opacity:0.25\" d=\"M2600 0L0 0 0 130.1 2600 69.1z\"\/>\n<\/svg>\t\t<\/div>\n\t\t\t\t\t<div class=\"elementor-container elementor-column-gap-default\">\n\t\t\t\t\t\t\t<div class=\"elementor-row\">\n\t\t\t\t\t<div class=\"elementor-column elementor-col-100 elementor-top-column elementor-element elementor-element-ae6ca79\" data-id=\"ae6ca79\" data-element_type=\"column\">\n\t\t\t<div class=\"elementor-column-wrap elementor-element-populated\">\n\t\t\t\t\t\t\t<div class=\"elementor-widget-wrap\">\n\t\t\t\t\t\t<div class=\"elementor-element elementor-element-5e2bba0 elementor-widget elementor-widget-spacer\" data-id=\"5e2bba0\" data-element_type=\"widget\" data-widget_type=\"spacer.default\">\n\t\t\t\t<div class=\"elementor-widget-container\">\n\t\t\t\t\t<div class=\"elementor-spacer\">\n\t\t\t<div class=\"elementor-spacer-inner\"><\/div>\n\t\t<\/div>\n\t\t\t\t<\/div>\n\t\t\t\t<\/div>\n\t\t\t\t<div class=\"elementor-element elementor-element-b4bd2c8 elementor-widget elementor-widget-heading\" data-id=\"b4bd2c8\" data-element_type=\"widget\" data-widget_type=\"heading.default\">\n\t\t\t\t<div class=\"elementor-widget-container\">\n\t\t\t<h2 class=\"elementor-heading-title elementor-size-default\">6-t\u00fd\u017ed\u0148ov\u00fd individu\u00e1lny hokejov\u00fd kurz\u00a0<\/h2>\t\t<\/div>\n\t\t\t\t<\/div>\n\t\t\t\t\t\t<\/div>\n\t\t\t\t\t<\/div>\n\t\t<\/div>\n\t\t\t\t\t\t\t\t<\/div>\n\t\t\t\t\t<\/div>\n\t\t<\/section>\n\t\t\t\t<section class=\"elementor-section elementor-top-section elementor-element elementor-element-2eb8c19 elementor-section-boxed elementor-section-height-default elementor-section-height-default\" data-id=\"2eb8c19\" data-element_type=\"section\" data-settings=\"{&quot;background_background&quot;:&quot;classic&quot;}\">\n\t\t\t\t\t\t<div class=\"elementor-container elementor-column-gap-default\">\n\t\t\t\t\t\t\t<div class=\"elementor-row\">\n\t\t\t\t\t<div class=\"elementor-column elementor-col-100 elementor-top-column elementor-element elementor-element-63629a3\" data-id=\"63629a3\" data-element_type=\"column\" data-settings=\"{&quot;background_background&quot;:&quot;slideshow&quot;,&quot;background_slideshow_gallery&quot;:[],&quot;background_slideshow_loop&quot;:&quot;yes&quot;,&quot;background_slideshow_slide_duration&quot;:5000,&quot;background_slideshow_slide_transition&quot;:&quot;fade&quot;,&quot;background_slideshow_transition_duration&quot;:500}\">\n\t\t\t<div class=\"elementor-column-wrap elementor-element-populated\">\n\t\t\t\t\t\t\t<div class=\"elementor-widget-wrap\">\n\t\t\t\t\t\t<div class=\"elementor-element elementor-element-dea8c32 elementor-widget elementor-widget-text-editor\" data-id=\"dea8c32\" data-element_type=\"widget\" data-widget_type=\"text-editor.default\">\n\t\t\t\t<div class=\"elementor-widget-container\">\n\t\t\t\t\t\t\t\t<div class=\"elementor-text-editor elementor-clearfix\">\n\t\t\t\t<section class=\"elementor-section elementor-top-section elementor-element elementor-element-3e1162e elementor-section-boxed elementor-section-height-default elementor-section-height-default\" data-id=\"3e1162e\" data-element_type=\"section\" data-settings=\"{&quot;background_background&quot;:&quot;classic&quot;}\"><div class=\"elementor-container elementor-column-gap-default\"><div class=\"elementor-row\"><div class=\"elementor-column elementor-col-100 elementor-top-column elementor-element elementor-element-6b27d8e\" data-id=\"6b27d8e\" data-element_type=\"column\" data-settings=\"{&quot;background_background&quot;:&quot;slideshow&quot;,&quot;background_slideshow_gallery&quot;:[],&quot;background_slideshow_loop&quot;:&quot;yes&quot;,&quot;background_slideshow_slide_duration&quot;:5000,&quot;background_slideshow_slide_transition&quot;:&quot;fade&quot;,&quot;background_slideshow_transition_duration&quot;:500}\"><div class=\"elementor-column-wrap elementor-element-populated\"><div class=\"elementor-widget-wrap\"><div class=\"elementor-element elementor-element-17ebd68 elementor-widget elementor-widget-text-editor\" data-id=\"17ebd68\" data-element_type=\"widget\" data-widget_type=\"text-editor.default\"><div class=\"elementor-widget-container\"><div class=\"elementor-text-editor elementor-clearfix\"><h4><span style=\"color: #ffffff;\"><strong>6-t\u00fd\u017ed\u0148ov\u00fd individu\u00e1lny hokejov\u00fd kurz\u00a0 trv\u00e1 <\/strong><strong style=\"font-family: inherit; font-size: 1.5rem;\">28.2.2026 do 11.4.2026 ( <\/strong><strong style=\"font-family: inherit; font-size: 1.5rem;\">6x sobota)<span style=\"text-decoration: underline;\"> okrem 4.4.2026<\/span><\/strong><\/span><\/h4><h4><span style=\"color: #ffffff;\">\u00a0<strong><span style=\"color: #ffffff;\">v \u010dase od 14:45-15<\/span>:45 alebo od 16:00-17:00<\/strong><\/span><\/h4><h4><span style=\"color: #000000;\"><strong>INFO:<\/strong><\/span><\/h4><p><span style=\"color: #000000;\">Kurzy s\u00fa ur\u010den\u00e9 pre mal\u00fdch hokejistov ktor\u00ed nav\u0161tevuj\u00fa hokejov\u00e9 kluby v r\u00f4znych vekov\u00fdch kateg\u00f3ri\u00e1ch a potrebuj\u00fa sa zdokonali\u0165 \u010di v technike kor\u010du\u013eovania, v stre\u013ebe prihr\u00e1vkach s pr\u00e1cou s pukom a podobne. S\u00fa<\/span><span style=\"color: #000000;\">\u00a0ur\u010den\u00e9 tak isto aj \u00fapln\u00fdm za\u010diato\u010dn\u00edkom ktor\u00ed maj\u00fa zvl\u00e1dnut\u00e9 u\u017e prvky kor\u010du\u013eovania na \u013eade a chceli by sa nau\u010di\u0165 hokejov\u00e9 kor\u010du\u013eovanie pod veden\u00edm hokejov\u00e9ho tr\u00e9nera\u00a0<\/span><\/p><p><span style=\"color: #000000;\">Kurzy s\u00fa rovnako vhodn\u00e9 aj pre dospel\u00fdch \u010di \u00fapln\u00fdch za\u010diato\u010dn\u00edkov alebo amat\u00e9rskych hokejistov ktor\u00ed sa potrebuj\u00fa zdokonali\u0165 v technike kor\u010du\u013eovania\u00a0<\/span><\/p><section class=\"elementor-section elementor-top-section elementor-element elementor-element-3e1162e elementor-section-boxed elementor-section-height-default elementor-section-height-default\" data-id=\"3e1162e\" data-element_type=\"section\" data-settings=\"{&quot;background_background&quot;:&quot;classic&quot;}\"><div class=\"elementor-container elementor-column-gap-default\"><div class=\"elementor-row\"><div class=\"elementor-column elementor-col-100 elementor-top-column elementor-element elementor-element-6b27d8e\" data-id=\"6b27d8e\" data-element_type=\"column\" data-settings=\"{&quot;background_background&quot;:&quot;slideshow&quot;,&quot;background_slideshow_gallery&quot;:[],&quot;background_slideshow_loop&quot;:&quot;yes&quot;,&quot;background_slideshow_slide_duration&quot;:5000,&quot;background_slideshow_slide_transition&quot;:&quot;fade&quot;,&quot;background_slideshow_transition_duration&quot;:500}\"><div class=\"elementor-column-wrap elementor-element-populated\"><div class=\"elementor-widget-wrap\"><div class=\"elementor-element elementor-element-17ebd68 elementor-widget elementor-widget-text-editor\" data-id=\"17ebd68\" data-element_type=\"widget\" data-widget_type=\"text-editor.default\"><div class=\"elementor-widget-container\"><div class=\"elementor-text-editor elementor-clearfix\"><p><span style=\"color: #000000;\"><strong>Miesto kurzu : zimn\u00fd \u0161tadi\u00f3n v Pezinku na ulici Roz\u00e1lka 6333\/7.<\/strong><\/span><\/p><p><span style=\"color: #000000;\"><b>Do individu\u00e1lneho\u00a0kurzu berieme deti od 4 rokov<\/b><\/span><\/p><p><span style=\"color: #000000;\"><b>Individu\u00e1lne kurzy s\u00fa ur\u010den\u00e9 pre 1-3 osoby <\/b><strong>kor\u010du\u013euj\u00face u jedn\u00e9ho tr\u00e9nera<\/strong><\/span><\/p><p><span style=\"color: #000000;\"><strong>POKYNY:<\/strong><\/span><br \/><span style=\"color: #000000;\"><strong>Na kurz treba pr\u00eds\u0165 aspo\u0148 15 min\u00fat pred za\u010dat\u00edm kurzu.<\/strong><\/span><br \/><span style=\"color: #000000;\"><b>Jednu hodinu z kurzu z d\u00f4vodu choroby nahr\u00e1dzame, av\u0161ak chorobu je nutn\u00e9 nahl\u00e1si\u0165 minim\u00e1lne 24 hod\u00edn pred za\u010dat\u00edm hodiny.<\/b><\/span><\/p><p><span style=\"color: #000000;\"><b> V pr\u00edpade ak s\u00fa u jedn\u00e9ho tr\u00e9nera 2-3 deti \/dospel\u00ed a ochorie jedna osoba \u010di dve\u00a0 nemaj\u00fa n\u00e1rok na samostatn\u00fa individu\u00e1lnu hodinu pre jedno die\u0165a alebo dospel\u00e9ho ,n\u00e1hradn\u00fa hodinu musia absolvova\u0165 <\/b><b>v po\u010dte v akom bol zak\u00fapen\u00fd kurz\u00a0 alebo si hodinu m\u00f4\u017eu nahradi\u0165 v skupine det\u00ed.<\/b><\/span><\/p><p><span style=\"color: #000000;\"><strong>Ak bude hodina nahl\u00e1sen\u00e1 nesk\u00f4r nie je mo\u017en\u00e9 si ju nahradi\u0165!<\/strong><\/span><\/p><p><span style=\"color: #000000;\"><strong>Po prihl\u00e1sen\u00ed V\u00e1m pr\u00edde e-mail, \u017ee sme V\u00e1s zaregistrovali do syst\u00e9mu spolu so sumou za kurz ktor\u00fa je nutn\u00e9 uhradi\u0165 najnesk\u00f4r 4 dni po vytvoren\u00ed objedn\u00e1vky.<\/strong><\/span><\/p><p><span style=\"color: #000000;\"><b>Pri vstupe na zimn\u00fd \u0161tadi\u00f3n sa treba zahl\u00e1si\u0165 ka\u017ed\u00fa hodinu u kolegyni ktor\u00e1 sed\u00ed\/ stoj\u00ed na recepci\u00ed a m\u00e1 na sebe oble\u010den\u00fa mikinu Piruetka a ona V\u00e1m vysvetl\u00ed \u010fal\u0161\u00ed postup. Bez zaevidovania nie je mo\u017en\u00e9 \u00eds\u0165 do \u0161atne.<\/b><\/span><br \/><span style=\"color: #000000;\"><b>Deti alebo dospel\u00ed , ktor\u00ed nemaj\u00fa vlastn\u00e9 kor\u010dule a helmu, chr\u00e1ni\u010de pr\u00edpadne v\u00fdstroj\u00a0\u00a0si m\u00f4\u017eu zapo\u017ei\u010da\u0165\u00a0 NA VLASTN\u00c9 N\u00c1KLADY tu:<\/b><\/span><br \/><span style=\"color: #000000;\"><strong>e-mail: \u00a0OUTLETHOCKEY@GMAIL.COM\u00a0Tel.\u010d\u00edslo: \u2013\u00a0+421 948 072 3726<\/strong><\/span><\/p><p><strong>Po\u017ei\u010dov\u0148a s predaj\u0148ou sa nach\u00e1dza priamo v Ar\u00e9ne Pezinok na poschod\u00ed. Po\u017ei\u010dov\u0148a<\/strong><span style=\"color: #000000;\"><strong>\u00a0je mimo n\u00e1s .<\/strong><\/span><\/p><\/div><\/div><\/div><\/div><\/div><\/div><\/div><\/div><\/section><\/div><\/div><\/div><\/div><\/div><\/div><\/div><\/div><\/section>\t\t\t\t\t<\/div>\n\t\t\t\t\t\t<\/div>\n\t\t\t\t<\/div>\n\t\t\t\t\t\t<\/div>\n\t\t\t\t\t<\/div>\n\t\t<\/div>\n\t\t\t\t\t\t\t\t<\/div>\n\t\t\t\t\t<\/div>\n\t\t<\/section>\n\t\t\t\t\t\t\t\t\t<\/div>\n\t\t\t<\/div>\n\t\t\t\t\t<\/div>\n\t\t","protected":false},"excerpt":{"rendered":"<p>6-t\u00fd\u017ed\u0148ov\u00fd individu\u00e1lny hokejov\u00fd kurz\u00a0 6-t\u00fd\u017ed\u0148ov\u00fd individu\u00e1lny hokejov\u00fd kurz\u00a0 trv\u00e1 28.2.2026 do 11.4.2026 ( 6x sobota) okrem 4.4.2026 \u00a0v \u010dase od 14:45-15:45 alebo od 16:00-17:00 INFO: Kurzy s\u00fa ur\u010den\u00e9 pre mal\u00fdch hokejistov ktor\u00ed nav\u0161tevuj\u00fa hokejov\u00e9 kluby v r\u00f4znych vekov\u00fdch kateg\u00f3ri\u00e1ch a potrebuj\u00fa sa zdokonali\u0165 \u010di v technike kor\u010du\u013eovania, v stre\u013ebe prihr\u00e1vkach s pr\u00e1cou s pukom a [&hellip;]<\/p>\n","protected":false},"author":2,"featured_media":0,"parent":0,"menu_order":0,"comment_status":"closed","ping_status":"closed","template":"","meta":{"footnotes":""},"class_list":["post-3906","page","type-page","status-publish","hentry"],"_links":{"self":[{"href":"https:\/\/www.piruetka.sk\/new\/index.php\/wp-json\/wp\/v2\/pages\/3906","targetHints":{"allow":["GET"]}}],"collection":[{"href":"https:\/\/www.piruetka.sk\/new\/index.php\/wp-json\/wp\/v2\/pages"}],"about":[{"href":"https:\/\/www.piruetka.sk\/new\/index.php\/wp-json\/wp\/v2\/types\/page"}],"author":[{"embeddable":true,"href":"https:\/\/www.piruetka.sk\/new\/index.php\/wp-json\/wp\/v2\/users\/2"}],"replies":[{"embeddable":true,"href":"https:\/\/www.piruetka.sk\/new\/index.php\/wp-json\/wp\/v2\/comments?post=3906"}],"version-history":[{"count":86,"href":"https:\/\/www.piruetka.sk\/new\/index.php\/wp-json\/wp\/v2\/pages\/3906\/revisions"}],"predecessor-version":[{"id":8920,"href":"https:\/\/www.piruetka.sk\/new\/index.php\/wp-json\/wp\/v2\/pages\/3906\/revisions\/8920"}],"wp:attachment":[{"href":"https:\/\/www.piruetka.sk\/new\/index.php\/wp-json\/wp\/v2\/media?parent=3906"}],"curies":[{"name":"wp","href":"https:\/\/api.w.org\/{rel}","templated":true}]}}