{"id":2081,"date":"2022-09-06T15:10:45","date_gmt":"2022-09-06T15:10:45","guid":{"rendered":"https:\/\/www.piruetka.sk\/new\/?page_id=2081"},"modified":"2026-02-10T08:45:25","modified_gmt":"2026-02-10T08:45:25","slug":"6-tyzdnovy-individualny-kurz-v-lamaci","status":"publish","type":"page","link":"https:\/\/www.piruetka.sk\/new\/index.php\/6-tyzdnovy-individualny-kurz-v-lamaci\/","title":{"rendered":"6-tyzdnovy-individualny-kurz-v-lamaci"},"content":{"rendered":"\t\t<div data-elementor-type=\"wp-page\" data-elementor-id=\"2081\" class=\"elementor elementor-2081\">\n\t\t\t\t\t\t<div class=\"elementor-inner\">\n\t\t\t\t<div class=\"elementor-section-wrap\">\n\t\t\t\t\t\t\t\t\t<section class=\"elementor-section elementor-top-section elementor-element elementor-element-4e87383 elementor-section-boxed elementor-section-height-default elementor-section-height-default\" data-id=\"4e87383\" data-element_type=\"section\" data-settings=\"{&quot;shape_divider_top&quot;:&quot;opacity-tilt&quot;}\">\n\t\t\t\t\t<div class=\"elementor-shape elementor-shape-top\" data-negative=\"false\">\n\t\t\t<svg xmlns=\"http:\/\/www.w3.org\/2000\/svg\" viewBox=\"0 0 2600 131.1\" preserveAspectRatio=\"none\">\n\t<path class=\"elementor-shape-fill\" d=\"M0 0L2600 0 2600 69.1 0 0z\"\/>\n\t<path class=\"elementor-shape-fill\" style=\"opacity:0.5\" d=\"M0 0L2600 0 2600 69.1 0 69.1z\"\/>\n\t<path class=\"elementor-shape-fill\" style=\"opacity:0.25\" d=\"M2600 0L0 0 0 130.1 2600 69.1z\"\/>\n<\/svg>\t\t<\/div>\n\t\t\t\t\t<div class=\"elementor-container elementor-column-gap-default\">\n\t\t\t\t\t\t\t<div class=\"elementor-row\">\n\t\t\t\t\t<div class=\"elementor-column elementor-col-100 elementor-top-column elementor-element elementor-element-4b48427\" data-id=\"4b48427\" data-element_type=\"column\">\n\t\t\t<div class=\"elementor-column-wrap elementor-element-populated\">\n\t\t\t\t\t\t\t<div class=\"elementor-widget-wrap\">\n\t\t\t\t\t\t<div class=\"elementor-element elementor-element-d9c2f8e elementor-widget elementor-widget-spacer\" data-id=\"d9c2f8e\" data-element_type=\"widget\" data-widget_type=\"spacer.default\">\n\t\t\t\t<div class=\"elementor-widget-container\">\n\t\t\t\t\t<div class=\"elementor-spacer\">\n\t\t\t<div class=\"elementor-spacer-inner\"><\/div>\n\t\t<\/div>\n\t\t\t\t<\/div>\n\t\t\t\t<\/div>\n\t\t\t\t<div class=\"elementor-element elementor-element-d0860ac elementor-widget elementor-widget-heading\" data-id=\"d0860ac\" data-element_type=\"widget\" data-widget_type=\"heading.default\">\n\t\t\t\t<div class=\"elementor-widget-container\">\n\t\t\t<h2 class=\"elementor-heading-title elementor-size-default\">6-t\u00fd\u017ed\u0148ov\u00fd individu\u00e1lny kurz v Lama\u010di<\/h2>\t\t<\/div>\n\t\t\t\t<\/div>\n\t\t\t\t\t\t<\/div>\n\t\t\t\t\t<\/div>\n\t\t<\/div>\n\t\t\t\t\t\t\t\t<\/div>\n\t\t\t\t\t<\/div>\n\t\t<\/section>\n\t\t\t\t<section class=\"elementor-section elementor-top-section elementor-element elementor-element-18d4ed1 elementor-section-boxed elementor-section-height-default elementor-section-height-default\" data-id=\"18d4ed1\" data-element_type=\"section\" data-settings=\"{&quot;background_background&quot;:&quot;classic&quot;}\">\n\t\t\t\t\t\t<div class=\"elementor-container elementor-column-gap-default\">\n\t\t\t\t\t\t\t<div class=\"elementor-row\">\n\t\t\t\t\t<div class=\"elementor-column elementor-col-100 elementor-top-column elementor-element elementor-element-b7fc24b\" data-id=\"b7fc24b\" data-element_type=\"column\">\n\t\t\t<div class=\"elementor-column-wrap elementor-element-populated\">\n\t\t\t\t\t\t\t<div class=\"elementor-widget-wrap\">\n\t\t\t\t\t\t<div class=\"elementor-element elementor-element-2f0debc elementor-widget elementor-widget-text-editor\" data-id=\"2f0debc\" data-element_type=\"widget\" data-widget_type=\"text-editor.default\">\n\t\t\t\t<div class=\"elementor-widget-container\">\n\t\t\t\t\t\t\t\t<div class=\"elementor-text-editor elementor-clearfix\">\n\t\t\t\t<h3><span style=\"color: #ffffff;\">6-t\u00fd\u017ed\u0148ov\u00fd individu\u00e1lny\u00a0 kurz\u00a0 trv\u00e1<strong style=\"font-family: inherit; font-size: 1.5rem;\">\u00a028.2.2026 do 11.4.2026 ( <\/strong><strong style=\"font-family: inherit; font-size: 1.5rem;\">6x sobota)<\/strong><strong style=\"font-family: inherit; font-size: 1.5rem;\"><span style=\"text-decoration: underline;\"> okrem 5.4.2026 v \u010dase 18:45-19:45<\/span><\/strong><\/span><\/h3><h4>\u00a0<\/h4><div><h4><span style=\"color: #000000;\"><strong>INFO:<\/strong><\/span><\/h4><\/div><div><span style=\"color: #000000;\"><strong>zmena \u010dasu vyhraden\u00e1\u00a0<\/strong><\/span><\/div><div><span style=\"color: #000000;\"><strong>Miesto kurzu :zimn\u00fd \u0161tadi\u00f3n v Lama\u010di na ulici Borinsk\u00e1<\/strong><\/span><\/div><div>\u00a0<\/div><div><span style=\"color: #000000;\"><strong>Individu\u00e1lny kurz odpor\u00fa\u010dame zak\u00fapi\u0165 t\u00fdm ktor\u00ed preferuj\u00fa osobitn\u00fd pr\u00edstup tr\u00e9nera, ktor\u00fd zoh\u013ead\u0148uje v\u0161etky po\u017eiadavky klienta. <\/strong><\/span><br \/><span style=\"color: #000000;\"><strong>Tr\u00e9ning je prisp\u00f4soben\u00ed potreb\u00e1m \u0161it\u00edm na mieru na\u0161ich klientov.<\/strong><\/span><br \/><span style=\"color: #000000;\"><strong>V kurze m\u00f4\u017ee by\u0165 jedna a\u017e tri osoby \/ deti , dospel\u00ed ,mix, rodina at\u010f&#8230;) <\/strong><\/span><br \/><span style=\"color: #000000;\"><strong>Do kurzu berieme deti od 3,5 roka<\/strong><\/span><\/div><div>\u00a0<\/div><div><span style=\"color: #000000;\"><strong>Jednu hodinu z kurzu z d\u00f4vodu choroby nahr\u00e1dzame, av\u0161ak chorobu je nutn\u00e9 nahl\u00e1si\u0165 minim\u00e1lne 24 hod\u00edn pred za\u010dat\u00edm hodiny. Peniaze za kurz ani za n\u00e1hradn\u00fa hodinu nevraciame. Ak bude hodina nahl\u00e1sen\u00e1 menej ako 24 hod\u00edn, nie je mo\u017en\u00e9 si n\u00e1rokova\u0165 n\u00e1hradu.<\/strong><\/span><\/div><div>\u00a0<\/div><h3><span style=\"color: #000000;\"><strong>POKYNY:<\/strong><\/span><\/h3><p><span style=\"color: #000000;\"><strong>Po prihl\u00e1sen\u00ed V\u00e1m pr\u00edde e-mail, \u017ee sme V\u00e1s zaregistrovali do syst\u00e9mu spolu so sumou ktor\u00fa je nutn\u00e9 uhradi\u0165 najnesk\u00f4r 4 dni pred za\u010dat\u00edm kurzu .<\/strong><\/span><\/p><p><span style=\"color: #000000;\"><strong>Na hodinu treba pr\u00eds\u0165 aspo\u0148 15 min\u00fat pred za\u010dat\u00edm.<\/strong><\/span><br \/><span style=\"color: #000000;\"><strong>Pri pr\u00edchode na zimn\u00fd \u0161tadi\u00f3n pri vstupe stoj\u00ed kolegy\u0148a s mikinou Piruetka u ktorej je potrebn\u00e9 sa nahl\u00e1si\u0165 ,ona si V\u00e1s zap\u00ed\u0161e a poskytne V\u00e1m \u010fal\u0161ie inform\u00e1cie. <\/strong><\/span><br \/><span style=\"color: #000000;\"><strong>Bez zaevidovania nie je mo\u017en\u00e9 \u00eds\u0165 do \u0161atne.<\/strong><\/span><\/p><p><span style=\"color: #000000;\"><span style=\"color: #000000;\"><b>Ak m\u00e1te z\u00e1ujem\u00a0o zapo\u017ei\u010danie kor\u010d\u00fa\u013e alebo helmy je potrebn\u00e9 aby ste to uviedli v\u00a0<\/b><\/span><\/span><span style=\"color: #000000;\"><span style=\"color: #000000;\"><b>objedn\u00e1vke. Kor\u010dule a helmy po\u017ei\u010diavame na cel\u00fd kurz za poplatok.<\/b><\/span><\/span><span style=\"color: #ff0000;\"><strong><span style=\"text-decoration: underline;\"><span style=\"color: #ffffff; text-decoration: underline;\">Kor\u010dule sa v\u017edy vracaj\u00fa na poslednej hodine kurzu<\/span><\/span><\/strong><\/span><\/p>\t\t\t\t\t<\/div>\n\t\t\t\t\t\t<\/div>\n\t\t\t\t<\/div>\n\t\t\t\t\t\t<\/div>\n\t\t\t\t\t<\/div>\n\t\t<\/div>\n\t\t\t\t\t\t\t\t<\/div>\n\t\t\t\t\t<\/div>\n\t\t<\/section>\n\t\t\t\t\t\t\t\t\t<\/div>\n\t\t\t<\/div>\n\t\t\t\t\t<\/div>\n\t\t","protected":false},"excerpt":{"rendered":"<p>6-t\u00fd\u017ed\u0148ov\u00fd individu\u00e1lny kurz v Lama\u010di 6-t\u00fd\u017ed\u0148ov\u00fd individu\u00e1lny\u00a0 kurz\u00a0 trv\u00e1\u00a028.2.2026 do 11.4.2026 ( 6x sobota) okrem 5.4.2026 v \u010dase 18:45-19:45 \u00a0 INFO: zmena \u010dasu vyhraden\u00e1\u00a0Miesto kurzu :zimn\u00fd \u0161tadi\u00f3n v Lama\u010di na ulici Borinsk\u00e1\u00a0Individu\u00e1lny kurz odpor\u00fa\u010dame zak\u00fapi\u0165 t\u00fdm ktor\u00ed preferuj\u00fa osobitn\u00fd pr\u00edstup tr\u00e9nera, ktor\u00fd zoh\u013ead\u0148uje v\u0161etky po\u017eiadavky klienta. Tr\u00e9ning je prisp\u00f4soben\u00ed potreb\u00e1m \u0161it\u00edm na mieru na\u0161ich klientov.V [&hellip;]<\/p>\n","protected":false},"author":1,"featured_media":0,"parent":0,"menu_order":0,"comment_status":"closed","ping_status":"closed","template":"","meta":{"footnotes":""},"class_list":["post-2081","page","type-page","status-publish","hentry"],"_links":{"self":[{"href":"https:\/\/www.piruetka.sk\/new\/index.php\/wp-json\/wp\/v2\/pages\/2081","targetHints":{"allow":["GET"]}}],"collection":[{"href":"https:\/\/www.piruetka.sk\/new\/index.php\/wp-json\/wp\/v2\/pages"}],"about":[{"href":"https:\/\/www.piruetka.sk\/new\/index.php\/wp-json\/wp\/v2\/types\/page"}],"author":[{"embeddable":true,"href":"https:\/\/www.piruetka.sk\/new\/index.php\/wp-json\/wp\/v2\/users\/1"}],"replies":[{"embeddable":true,"href":"https:\/\/www.piruetka.sk\/new\/index.php\/wp-json\/wp\/v2\/comments?post=2081"}],"version-history":[{"count":101,"href":"https:\/\/www.piruetka.sk\/new\/index.php\/wp-json\/wp\/v2\/pages\/2081\/revisions"}],"predecessor-version":[{"id":8930,"href":"https:\/\/www.piruetka.sk\/new\/index.php\/wp-json\/wp\/v2\/pages\/2081\/revisions\/8930"}],"wp:attachment":[{"href":"https:\/\/www.piruetka.sk\/new\/index.php\/wp-json\/wp\/v2\/media?parent=2081"}],"curies":[{"name":"wp","href":"https:\/\/api.w.org\/{rel}","templated":true}]}}